{"id":810,"date":"2020-07-30T15:54:26","date_gmt":"2020-07-30T18:54:26","guid":{"rendered":"https:\/\/comprenowhats.com.br\/anacaprimacae\/produto\/tote-preta-multifuncional-anacapri\/"},"modified":"2022-05-18T11:34:44","modified_gmt":"2022-05-18T14:34:44","slug":"tote-preta-multifuncional-anacapri","status":"publish","type":"product","link":"https:\/\/comprenowhats.com.br\/anacaprimacae\/produto\/tote-preta-multifuncional-anacapri\/","title":{"rendered":"Tote Preta Multifuncional | Anacapri"},"content":{"rendered":"<p>Praticidade? Isso \u00e9 com o modelo Tote! Essa lindinha vem com al\u00e7a para usar \u00e0 tiracolo ou transversal remov\u00edvel, no melhor estilo 2 em 1! Multifuncional? N\u00e3o precisamos nem dizer que o espa\u00e7o interno dela \u00e9 babadeiro, n\u00e9? N\u00e3o deixa essa passar!<\/p>\n<div style='text-align: center'><\/div>\n<p>* Entre em contato por WhatsApp para verificar a disponibilidade do produto. Ref.: C5001601590002<\/p>\n","protected":false},"excerpt":{"rendered":"<p>Estoque indispon\u00edvel.<br \/><small>atualizado em 18\/05\/2022.<\/p>\n","protected":false},"featured_media":809,"template":"","meta":[],"product_cat":[43],"product_tag":[],"_links":{"self":[{"href":"https:\/\/comprenowhats.com.br\/anacaprimacae\/wp-json\/wp\/v2\/product\/810"}],"collection":[{"href":"https:\/\/comprenowhats.com.br\/anacaprimacae\/wp-json\/wp\/v2\/product"}],"about":[{"href":"https:\/\/comprenowhats.com.br\/anacaprimacae\/wp-json\/wp\/v2\/types\/product"}],"wp:featuredmedia":[{"embeddable":true,"href":"https:\/\/comprenowhats.com.br\/anacaprimacae\/wp-json\/wp\/v2\/media\/809"}],"wp:attachment":[{"href":"https:\/\/comprenowhats.com.br\/anacaprimacae\/wp-json\/wp\/v2\/media?parent=810"}],"wp:term":[{"taxonomy":"product_cat","embeddable":true,"href":"https:\/\/comprenowhats.com.br\/anacaprimacae\/wp-json\/wp\/v2\/product_cat?post=810"},{"taxonomy":"product_tag","embeddable":true,"href":"https:\/\/comprenowhats.com.br\/anacaprimacae\/wp-json\/wp\/v2\/product_tag?post=810"}],"curies":[{"name":"wp","href":"https:\/\/api.w.org\/{rel}","templated":true}]}}