{"id":804,"date":"2020-07-30T15:54:17","date_gmt":"2020-07-30T18:54:17","guid":{"rendered":"https:\/\/comprenowhats.com.br\/anacaprimacae\/produto\/crossbody-preta-cairo-anacapri\/"},"modified":"2023-11-28T17:23:43","modified_gmt":"2023-11-28T20:23:43","slug":"crossbody-preta-cairo-anacapri","status":"publish","type":"product","link":"https:\/\/comprenowhats.com.br\/anacaprimacae\/produto\/crossbody-preta-cairo-anacapri\/","title":{"rendered":"Crossbody Preta Cairo | Anacapri"},"content":{"rendered":"<p>A nossa queridinha crossbody ficou ainda mais sofisticada com o acabamento em matelass\u00ea formando linhas geom\u00e9tricas. Linda e funcional, ela \u00e9 a companheira ideal para compromissos de trabalho e tamb\u00e9m para ir \u00e0quela festa com as amigas. Se voc\u00ea estava a procura daquela bolsa curinga, acaba de encontrar, meu amor! Se joga!<\/p>\n<div style='text-align: center'><\/div>\n<p>* Entre em contato por WhatsApp para verificar a disponibilidade do produto. Ref.: C5001200980002<\/p>\n","protected":false},"excerpt":{"rendered":"<p>Em estoque.<br \/><small>atualizado em 28\/11\/2023.<\/p>\n","protected":false},"featured_media":803,"template":"","meta":[],"product_cat":[32],"product_tag":[],"_links":{"self":[{"href":"https:\/\/comprenowhats.com.br\/anacaprimacae\/wp-json\/wp\/v2\/product\/804"}],"collection":[{"href":"https:\/\/comprenowhats.com.br\/anacaprimacae\/wp-json\/wp\/v2\/product"}],"about":[{"href":"https:\/\/comprenowhats.com.br\/anacaprimacae\/wp-json\/wp\/v2\/types\/product"}],"wp:featuredmedia":[{"embeddable":true,"href":"https:\/\/comprenowhats.com.br\/anacaprimacae\/wp-json\/wp\/v2\/media\/803"}],"wp:attachment":[{"href":"https:\/\/comprenowhats.com.br\/anacaprimacae\/wp-json\/wp\/v2\/media?parent=804"}],"wp:term":[{"taxonomy":"product_cat","embeddable":true,"href":"https:\/\/comprenowhats.com.br\/anacaprimacae\/wp-json\/wp\/v2\/product_cat?post=804"},{"taxonomy":"product_tag","embeddable":true,"href":"https:\/\/comprenowhats.com.br\/anacaprimacae\/wp-json\/wp\/v2\/product_tag?post=804"}],"curies":[{"name":"wp","href":"https:\/\/api.w.org\/{rel}","templated":true}]}}