{"id":802,"date":"2020-07-30T15:54:15","date_gmt":"2020-07-30T18:54:15","guid":{"rendered":"https:\/\/comprenowhats.com.br\/anacaprimacae\/produto\/reposicao-garantida-tenis-vermelho-lona-ale-anacapri\/"},"modified":"2022-05-18T11:45:42","modified_gmt":"2022-05-18T14:45:42","slug":"reposicao-garantida-tenis-vermelho-lona-ale-anacapri","status":"publish","type":"product","link":"https:\/\/comprenowhats.com.br\/anacaprimacae\/produto\/reposicao-garantida-tenis-vermelho-lona-ale-anacapri\/","title":{"rendered":"[Reposi\u00e7\u00e3o Garantida] T\u00eanis Vermelho Lona Al\u00ea | Anacapri"},"content":{"rendered":"<p>Presen\u00e7a confirmada nos p\u00e9s das fashionistas descomplicadas! O t\u00eanis com shape slim, revestimento em lona e solado vulcanizado \u00e9 ideal para arrasar muito no look e na vida sem abrir m\u00e3o do conforto &#8211; porque a gente sabe o quanto voc\u00ea j\u00e1 andou pra chegar at\u00e9 aqui, mana! Arrasa \ud83d\ude42<\/p>\n<div style='text-align: center'><\/div>\n<p>* Entre em contato por WhatsApp para verificar a disponibilidade do produto. Ref.: C3023000010002<\/p>\n","protected":false},"excerpt":{"rendered":"<p>Estoque indispon\u00edvel.<br \/><small>atualizado em 18\/05\/2022.<\/p>\n","protected":false},"featured_media":801,"template":"","meta":[],"product_cat":[42],"product_tag":[23],"_links":{"self":[{"href":"https:\/\/comprenowhats.com.br\/anacaprimacae\/wp-json\/wp\/v2\/product\/802"}],"collection":[{"href":"https:\/\/comprenowhats.com.br\/anacaprimacae\/wp-json\/wp\/v2\/product"}],"about":[{"href":"https:\/\/comprenowhats.com.br\/anacaprimacae\/wp-json\/wp\/v2\/types\/product"}],"wp:featuredmedia":[{"embeddable":true,"href":"https:\/\/comprenowhats.com.br\/anacaprimacae\/wp-json\/wp\/v2\/media\/801"}],"wp:attachment":[{"href":"https:\/\/comprenowhats.com.br\/anacaprimacae\/wp-json\/wp\/v2\/media?parent=802"}],"wp:term":[{"taxonomy":"product_cat","embeddable":true,"href":"https:\/\/comprenowhats.com.br\/anacaprimacae\/wp-json\/wp\/v2\/product_cat?post=802"},{"taxonomy":"product_tag","embeddable":true,"href":"https:\/\/comprenowhats.com.br\/anacaprimacae\/wp-json\/wp\/v2\/product_tag?post=802"}],"curies":[{"name":"wp","href":"https:\/\/api.w.org\/{rel}","templated":true}]}}