{"id":796,"date":"2020-07-30T15:54:07","date_gmt":"2020-07-30T18:54:07","guid":{"rendered":"https:\/\/comprenowhats.com.br\/anacaprimacae\/produto\/sapatilha-bege-bistro-bico-quadrado-anacapri\/"},"modified":"2022-05-18T11:46:21","modified_gmt":"2022-05-18T14:46:21","slug":"sapatilha-bege-bistro-bico-quadrado-anacapri","status":"publish","type":"product","link":"https:\/\/comprenowhats.com.br\/anacaprimacae\/produto\/sapatilha-bege-bistro-bico-quadrado-anacapri\/","title":{"rendered":"Sapatilha Bege Bistr\u00f4 Bico Quadrado | Anacapri"},"content":{"rendered":"<p>CL\u00c1SSICA: essa \u00e9 a primeira palavra que vem em mente quando pensamos em sapatilha. Toda delicada e um eterno love affair, o modelo vem atualizado com bico quadrado e promete mil e uma combina\u00e7\u00f5es de look &#8211; todos descomplicados e trabalhados no romantismo que s\u00f3 essa lindinha \u00e9 capaz de oferecer. Se amamos? MUITO!<\/p>\n<div style='text-align: center'><\/div>\n<p>* Entre em contato por WhatsApp para verificar a disponibilidade do produto. Ref.: C3022500030003<\/p>\n","protected":false},"excerpt":{"rendered":"<p>Estoque indispon\u00edvel.<br \/><small>atualizado em 18\/05\/2022.<\/p>\n","protected":false},"featured_media":795,"template":"","meta":[],"product_cat":[20],"product_tag":[22,24,25],"_links":{"self":[{"href":"https:\/\/comprenowhats.com.br\/anacaprimacae\/wp-json\/wp\/v2\/product\/796"}],"collection":[{"href":"https:\/\/comprenowhats.com.br\/anacaprimacae\/wp-json\/wp\/v2\/product"}],"about":[{"href":"https:\/\/comprenowhats.com.br\/anacaprimacae\/wp-json\/wp\/v2\/types\/product"}],"wp:featuredmedia":[{"embeddable":true,"href":"https:\/\/comprenowhats.com.br\/anacaprimacae\/wp-json\/wp\/v2\/media\/795"}],"wp:attachment":[{"href":"https:\/\/comprenowhats.com.br\/anacaprimacae\/wp-json\/wp\/v2\/media?parent=796"}],"wp:term":[{"taxonomy":"product_cat","embeddable":true,"href":"https:\/\/comprenowhats.com.br\/anacaprimacae\/wp-json\/wp\/v2\/product_cat?post=796"},{"taxonomy":"product_tag","embeddable":true,"href":"https:\/\/comprenowhats.com.br\/anacaprimacae\/wp-json\/wp\/v2\/product_tag?post=796"}],"curies":[{"name":"wp","href":"https:\/\/api.w.org\/{rel}","templated":true}]}}