{"id":792,"date":"2020-07-30T15:53:57","date_gmt":"2020-07-30T18:53:57","guid":{"rendered":"https:\/\/comprenowhats.com.br\/anacaprimacae\/produto\/rasteira-preta-bico-folha-anacapri\/"},"modified":"2022-05-18T11:33:52","modified_gmt":"2022-05-18T14:33:52","slug":"rasteira-preta-bico-folha-anacapri","status":"publish","type":"product","link":"https:\/\/comprenowhats.com.br\/anacaprimacae\/produto\/rasteira-preta-bico-folha-anacapri\/","title":{"rendered":"Rasteira Preta Bico Folha | Anacapri"},"content":{"rendered":"<p>Todinha trabalhada no mood handmade, a rasteira com tiras finas e dois blocos de amarra\u00e7\u00e3o tem shape minimal e impacto MAXI. Lembra aqueles m\u00f3veis de antiqu\u00e1rio, n\u00e9? Perfeita para compor looks boho e adicionar um toque artsy para aquela produ\u00e7\u00e3o mais s\u00f3bria em alfaiataria. CHIC! Vai arrasar!<\/p>\n<div style='text-align: center'><\/div>\n<p>* Entre em contato por WhatsApp para verificar a disponibilidade do produto. Ref.: C3019300050003<\/p>\n","protected":false},"excerpt":{"rendered":"<p>Estoque indispon\u00edvel.<br \/><small>atualizado em 18\/05\/2022.<\/p>\n","protected":false},"featured_media":791,"template":"","meta":[],"product_cat":[30],"product_tag":[22],"_links":{"self":[{"href":"https:\/\/comprenowhats.com.br\/anacaprimacae\/wp-json\/wp\/v2\/product\/792"}],"collection":[{"href":"https:\/\/comprenowhats.com.br\/anacaprimacae\/wp-json\/wp\/v2\/product"}],"about":[{"href":"https:\/\/comprenowhats.com.br\/anacaprimacae\/wp-json\/wp\/v2\/types\/product"}],"wp:featuredmedia":[{"embeddable":true,"href":"https:\/\/comprenowhats.com.br\/anacaprimacae\/wp-json\/wp\/v2\/media\/791"}],"wp:attachment":[{"href":"https:\/\/comprenowhats.com.br\/anacaprimacae\/wp-json\/wp\/v2\/media?parent=792"}],"wp:term":[{"taxonomy":"product_cat","embeddable":true,"href":"https:\/\/comprenowhats.com.br\/anacaprimacae\/wp-json\/wp\/v2\/product_cat?post=792"},{"taxonomy":"product_tag","embeddable":true,"href":"https:\/\/comprenowhats.com.br\/anacaprimacae\/wp-json\/wp\/v2\/product_tag?post=792"}],"curies":[{"name":"wp","href":"https:\/\/api.w.org\/{rel}","templated":true}]}}