{"id":786,"date":"2020-07-30T15:53:50","date_gmt":"2020-07-30T18:53:50","guid":{"rendered":"https:\/\/comprenowhats.com.br\/anacaprimacae\/produto\/mule-dourada-bridao-anacapri\/"},"modified":"2022-05-18T12:07:24","modified_gmt":"2022-05-18T15:07:24","slug":"mule-dourada-bridao-anacapri","status":"publish","type":"product","link":"https:\/\/comprenowhats.com.br\/anacaprimacae\/produto\/mule-dourada-bridao-anacapri\/","title":{"rendered":"Mule Dourada Brid\u00e3o | Anacapri"},"content":{"rendered":"<p>Chique sem esfor\u00e7o \u00e9 o lema dessa mule ELEGANT\u00c9RRIMA! Com shape que faz refer\u00eancia ao eterno cl\u00e1ssico mocassim, ele vem com biqueira levemente arredondada e com aquele detalhezinho tradicional em metal no peito do p\u00e9. Vai arrasar: sim ou com certeza?<\/p>\n<div style='text-align: center'><\/div>\n<p>* Entre em contato por WhatsApp para verificar a disponibilidade do produto. Ref.: C3007500600006<\/p>\n","protected":false},"excerpt":{"rendered":"<p>Estoque indispon\u00edvel.<br \/><small>atualizado em 18\/05\/2022.<\/p>\n","protected":false},"featured_media":785,"template":"","meta":[],"product_cat":[34],"product_tag":[46,37],"_links":{"self":[{"href":"https:\/\/comprenowhats.com.br\/anacaprimacae\/wp-json\/wp\/v2\/product\/786"}],"collection":[{"href":"https:\/\/comprenowhats.com.br\/anacaprimacae\/wp-json\/wp\/v2\/product"}],"about":[{"href":"https:\/\/comprenowhats.com.br\/anacaprimacae\/wp-json\/wp\/v2\/types\/product"}],"wp:featuredmedia":[{"embeddable":true,"href":"https:\/\/comprenowhats.com.br\/anacaprimacae\/wp-json\/wp\/v2\/media\/785"}],"wp:attachment":[{"href":"https:\/\/comprenowhats.com.br\/anacaprimacae\/wp-json\/wp\/v2\/media?parent=786"}],"wp:term":[{"taxonomy":"product_cat","embeddable":true,"href":"https:\/\/comprenowhats.com.br\/anacaprimacae\/wp-json\/wp\/v2\/product_cat?post=786"},{"taxonomy":"product_tag","embeddable":true,"href":"https:\/\/comprenowhats.com.br\/anacaprimacae\/wp-json\/wp\/v2\/product_tag?post=786"}],"curies":[{"name":"wp","href":"https:\/\/api.w.org\/{rel}","templated":true}]}}