{"id":780,"date":"2020-07-30T15:53:42","date_gmt":"2020-07-30T18:53:42","guid":{"rendered":"https:\/\/comprenowhats.com.br\/anacaprimacae\/produto\/tenis-gabi-sola-alta-branco-metalizado-anacapri\/"},"modified":"2022-05-18T11:45:55","modified_gmt":"2022-05-18T14:45:55","slug":"tenis-gabi-sola-alta-branco-metalizado-anacapri","status":"publish","type":"product","link":"https:\/\/comprenowhats.com.br\/anacaprimacae\/produto\/tenis-gabi-sola-alta-branco-metalizado-anacapri\/","title":{"rendered":"T\u00eanis Gabi Sola Alta Branco Metalizado | Anacapri"},"content":{"rendered":"<p>OMG! N\u00e3o tem como n\u00e3o se emocionar com esse t\u00eanis-mais-que-desejo da temporada! O brilho sutil e inusitado, a sola alta e o encontro entre o urbano e o feminino: vai deixar passar?<\/p>\n<div style='text-align: center'><\/div>\n<p>* Entre em contato por WhatsApp para verificar a disponibilidade do produto. Ref.: C3006000010023<\/p>\n","protected":false},"excerpt":{"rendered":"<p>Estoque indispon\u00edvel.<br \/><small>atualizado em 18\/05\/2022.<\/p>\n","protected":false},"featured_media":779,"template":"","meta":[],"product_cat":[31],"product_tag":[23,24],"_links":{"self":[{"href":"https:\/\/comprenowhats.com.br\/anacaprimacae\/wp-json\/wp\/v2\/product\/780"}],"collection":[{"href":"https:\/\/comprenowhats.com.br\/anacaprimacae\/wp-json\/wp\/v2\/product"}],"about":[{"href":"https:\/\/comprenowhats.com.br\/anacaprimacae\/wp-json\/wp\/v2\/types\/product"}],"wp:featuredmedia":[{"embeddable":true,"href":"https:\/\/comprenowhats.com.br\/anacaprimacae\/wp-json\/wp\/v2\/media\/779"}],"wp:attachment":[{"href":"https:\/\/comprenowhats.com.br\/anacaprimacae\/wp-json\/wp\/v2\/media?parent=780"}],"wp:term":[{"taxonomy":"product_cat","embeddable":true,"href":"https:\/\/comprenowhats.com.br\/anacaprimacae\/wp-json\/wp\/v2\/product_cat?post=780"},{"taxonomy":"product_tag","embeddable":true,"href":"https:\/\/comprenowhats.com.br\/anacaprimacae\/wp-json\/wp\/v2\/product_tag?post=780"}],"curies":[{"name":"wp","href":"https:\/\/api.w.org\/{rel}","templated":true}]}}