{"id":778,"date":"2020-07-30T15:53:29","date_gmt":"2020-07-30T18:53:29","guid":{"rendered":"https:\/\/comprenowhats.com.br\/anacaprimacae\/produto\/rasteira-recorte-paprica\/"},"modified":"2022-05-18T11:32:51","modified_gmt":"2022-05-18T14:32:51","slug":"rasteira-recorte-paprica","status":"publish","type":"product","link":"https:\/\/comprenowhats.com.br\/anacaprimacae\/produto\/rasteira-recorte-paprica\/","title":{"rendered":"Rasteira Recorte P\u00e1prica"},"content":{"rendered":"<p>CONFORTO E DESIGN UNI-VOS! Voc\u00ea quer uma pe\u00e7a arrojada? Minimalista? Arquitet\u00f4nica? Que vai combinar com todos os seus looks (e deix\u00e1-los ainda mais belos, na verdade!). A combina\u00e7\u00e3o do leve verde com o solado amadeirado traz um bel\u00edssimo contraste &#8211; que \u00e9 a cara do ver\u00e3o!<\/p>\n<div style='text-align: center'><img src='https:\/\/secure-static.anacapri.com.br\/medias\/sys_master\/anacapri\/anacapri\/h80\/h5f\/h00\/h00\/9561646465054\/3001401290004U-05-BASEIMAGE-Midres.jpg' style='max-height: 400px' \/><img src='https:\/\/secure-static.anacapri.com.br\/medias\/sys_master\/anacapri\/anacapri\/h15\/haf\/h00\/h00\/9561646137374\/3001401290004U-06-BASEIMAGE-Midres.jpg' style='max-height: 400px' \/><img src='https:\/\/secure-static.anacapri.com.br\/medias\/sys_master\/anacapri\/anacapri\/hd3\/h06\/h00\/h00\/9561647120414\/3001401290004U-07-BASEIMAGE-Midres.jpg' style='max-height: 400px' \/><\/div>\n<p>* Entre em contato por WhatsApp para verificar a disponibilidade do produto. Ref.: C3001401290004<\/p>\n","protected":false},"excerpt":{"rendered":"<p>Estoque indispon\u00edvel.<br \/><small>atualizado em 18\/05\/2022.<\/p>\n","protected":false},"featured_media":777,"template":"","meta":[],"product_cat":[30],"product_tag":[24,25],"_links":{"self":[{"href":"https:\/\/comprenowhats.com.br\/anacaprimacae\/wp-json\/wp\/v2\/product\/778"}],"collection":[{"href":"https:\/\/comprenowhats.com.br\/anacaprimacae\/wp-json\/wp\/v2\/product"}],"about":[{"href":"https:\/\/comprenowhats.com.br\/anacaprimacae\/wp-json\/wp\/v2\/types\/product"}],"wp:featuredmedia":[{"embeddable":true,"href":"https:\/\/comprenowhats.com.br\/anacaprimacae\/wp-json\/wp\/v2\/media\/777"}],"wp:attachment":[{"href":"https:\/\/comprenowhats.com.br\/anacaprimacae\/wp-json\/wp\/v2\/media?parent=778"}],"wp:term":[{"taxonomy":"product_cat","embeddable":true,"href":"https:\/\/comprenowhats.com.br\/anacaprimacae\/wp-json\/wp\/v2\/product_cat?post=778"},{"taxonomy":"product_tag","embeddable":true,"href":"https:\/\/comprenowhats.com.br\/anacaprimacae\/wp-json\/wp\/v2\/product_tag?post=778"}],"curies":[{"name":"wp","href":"https:\/\/api.w.org\/{rel}","templated":true}]}}