{"id":768,"date":"2020-07-30T15:53:15","date_gmt":"2020-07-30T18:53:15","guid":{"rendered":"https:\/\/comprenowhats.com.br\/anacaprimacae\/produto\/tenis-slip-on-elasticos-cruzados-preto\/"},"modified":"2022-05-18T11:32:57","modified_gmt":"2022-05-18T14:32:57","slug":"tenis-slip-on-elasticos-cruzados-preto","status":"publish","type":"product","link":"https:\/\/comprenowhats.com.br\/anacaprimacae\/produto\/tenis-slip-on-elasticos-cruzados-preto\/","title":{"rendered":"T\u00eanis Slip On El\u00e1sticos Cruzados Preto"},"content":{"rendered":"<p>As tiras cruzadas est\u00e3o por tudo! Elas d\u00e3o essa seguran\u00e7a e essa sensa\u00e7\u00e3o de que a pe\u00e7a est\u00e1 protegida e amarrada. O conceito \u00e9 perfeito para quem ama conforto e se sentir seguro para fazer qualquer coisa durante o dia. Sem cautela para ser feliz e estilosa!<\/p>\n<div style='text-align: center'><img src='https:\/\/secure-static.anacapri.com.br\/medias\/sys_master\/anacapri\/anacapri\/hdf\/ha1\/h00\/h00\/9536793706526\/3000003090002U-04-BASEIMAGE-Midres.jpg' style='max-height: 400px' \/><img src='https:\/\/secure-static.anacapri.com.br\/medias\/sys_master\/anacapri\/anacapri\/h6a\/h4f\/h00\/h00\/9536794525726\/3000003090002U-05-BASEIMAGE-Midres.jpg' style='max-height: 400px' \/><img src='https:\/\/secure-static.anacapri.com.br\/medias\/sys_master\/anacapri\/anacapri\/h7e\/hfa\/h00\/h00\/9536794034206\/3000003090002U-06-BASEIMAGE-Midres.jpg' style='max-height: 400px' \/><\/div>\n<p>* Entre em contato por WhatsApp para verificar a disponibilidade do produto. Ref.: C3000003090002<\/p>\n","protected":false},"excerpt":{"rendered":"<p>Estoque indispon\u00edvel.<br \/><small>atualizado em 18\/05\/2022.<\/p>\n","protected":false},"featured_media":767,"template":"","meta":[],"product_cat":[31],"product_tag":[21,23,25,26,27],"_links":{"self":[{"href":"https:\/\/comprenowhats.com.br\/anacaprimacae\/wp-json\/wp\/v2\/product\/768"}],"collection":[{"href":"https:\/\/comprenowhats.com.br\/anacaprimacae\/wp-json\/wp\/v2\/product"}],"about":[{"href":"https:\/\/comprenowhats.com.br\/anacaprimacae\/wp-json\/wp\/v2\/types\/product"}],"wp:featuredmedia":[{"embeddable":true,"href":"https:\/\/comprenowhats.com.br\/anacaprimacae\/wp-json\/wp\/v2\/media\/767"}],"wp:attachment":[{"href":"https:\/\/comprenowhats.com.br\/anacaprimacae\/wp-json\/wp\/v2\/media?parent=768"}],"wp:term":[{"taxonomy":"product_cat","embeddable":true,"href":"https:\/\/comprenowhats.com.br\/anacaprimacae\/wp-json\/wp\/v2\/product_cat?post=768"},{"taxonomy":"product_tag","embeddable":true,"href":"https:\/\/comprenowhats.com.br\/anacaprimacae\/wp-json\/wp\/v2\/product_tag?post=768"}],"curies":[{"name":"wp","href":"https:\/\/api.w.org\/{rel}","templated":true}]}}