{"id":761,"date":"2020-07-30T15:38:55","date_gmt":"2020-07-30T18:38:55","guid":{"rendered":"https:\/\/comprenowhats.com.br\/anacaprimacae\/produto\/mochila-estruturada-preta\/"},"modified":"2022-05-18T11:20:31","modified_gmt":"2022-05-18T14:20:31","slug":"mochila-estruturada-preta","status":"publish","type":"product","link":"https:\/\/comprenowhats.com.br\/anacaprimacae\/produto\/mochila-estruturada-preta\/","title":{"rendered":"Mochila Estruturada Preta"},"content":{"rendered":"<p>Mochila de PVC &#8211; voc\u00ea sabe o que isso significa? Estilo e resist\u00eancia ao mesmo tempo. Praticidade e cor. Divers\u00e3o o dia e a noite inteira! Mochila \u00e9 perfeito para quem ama ficar com as m\u00e3os livres enquanto encara as dificuldades da vida real. Encara com esse marrom damasco e vem com f\u00e9!<\/p>\n<div style='text-align: center'><img src='https:\/\/secure-static.anacapri.com.br\/medias\/sys_master\/anacapri\/anacapri\/h10\/h63\/h00\/h00\/9819862138910\/5001800140004U-04-BASEIMAGE-Midres.jpg' style='max-height: 400px' \/><img src='https:\/\/secure-static.anacapri.com.br\/medias\/sys_master\/anacapri\/anacapri\/hfa\/h4f\/h00\/h00\/9819862302750\/5001800140004U-05-BASEIMAGE-Midres.jpg' style='max-height: 400px' \/><img src='https:\/\/secure-static.anacapri.com.br\/medias\/sys_master\/anacapri\/anacapri\/h26\/h5b\/h00\/h00\/9819862466590\/5001800140004U-06-BASEIMAGE-Midres.jpg' style='max-height: 400px' \/><\/div>\n<p>* Entre em contato por WhatsApp para verificar a disponibilidade do produto. Ref.: C5001800140004<\/p>\n","protected":false},"excerpt":{"rendered":"<p>Estoque indispon\u00edvel.<br \/><small>atualizado em 18\/05\/2022.<\/p>\n","protected":false},"featured_media":760,"template":"","meta":[],"product_cat":[40],"product_tag":[],"_links":{"self":[{"href":"https:\/\/comprenowhats.com.br\/anacaprimacae\/wp-json\/wp\/v2\/product\/761"}],"collection":[{"href":"https:\/\/comprenowhats.com.br\/anacaprimacae\/wp-json\/wp\/v2\/product"}],"about":[{"href":"https:\/\/comprenowhats.com.br\/anacaprimacae\/wp-json\/wp\/v2\/types\/product"}],"wp:featuredmedia":[{"embeddable":true,"href":"https:\/\/comprenowhats.com.br\/anacaprimacae\/wp-json\/wp\/v2\/media\/760"}],"wp:attachment":[{"href":"https:\/\/comprenowhats.com.br\/anacaprimacae\/wp-json\/wp\/v2\/media?parent=761"}],"wp:term":[{"taxonomy":"product_cat","embeddable":true,"href":"https:\/\/comprenowhats.com.br\/anacaprimacae\/wp-json\/wp\/v2\/product_cat?post=761"},{"taxonomy":"product_tag","embeddable":true,"href":"https:\/\/comprenowhats.com.br\/anacaprimacae\/wp-json\/wp\/v2\/product_tag?post=761"}],"curies":[{"name":"wp","href":"https:\/\/api.w.org\/{rel}","templated":true}]}}