{"id":753,"date":"2020-07-30T15:38:46","date_gmt":"2020-07-30T18:38:46","guid":{"rendered":"https:\/\/comprenowhats.com.br\/anacaprimacae\/produto\/shopping-versatil-preta\/"},"modified":"2022-05-18T11:20:26","modified_gmt":"2022-05-18T14:20:26","slug":"shopping-versatil-preta","status":"publish","type":"product","link":"https:\/\/comprenowhats.com.br\/anacaprimacae\/produto\/shopping-versatil-preta\/","title":{"rendered":"Shopping Vers\u00e1til Preta"},"content":{"rendered":"<p>A shopping bag preta \u00e9 vers\u00e1til e f\u00e1cil de combinar &#8211; ou seja, \u00e9 perfeita para o dia a dia. O acabamento \u00e9 perfeito tamb\u00e9m, para que voc\u00ea carregue o que precisar (e mais um pouquinho) dentro dela. Espa\u00e7osa, pr\u00e1tica e excelente espa\u00e7o interno.<\/p>\n<div style='text-align: center'><img src='https:\/\/secure-static.anacapri.com.br\/medias\/sys_master\/anacapri\/anacapri\/he8\/h95\/h00\/h00\/9555497910302\/5001601250001U-04-BASEIMAGE-Midres.jpg' style='max-height: 400px' \/><img src='https:\/\/secure-static.anacapri.com.br\/medias\/sys_master\/anacapri\/anacapri\/h5a\/h12\/h00\/h00\/9555496927262\/5001601250001U-05-BASEIMAGE-Midres.jpg' style='max-height: 400px' \/><img src='https:\/\/secure-static.anacapri.com.br\/medias\/sys_master\/anacapri\/anacapri\/hdc\/h4d\/h00\/h00\/9555496271902\/5001601250001U-06-BASEIMAGE-Midres.jpg' style='max-height: 400px' \/><\/div>\n<p>* Entre em contato por WhatsApp para verificar a disponibilidade do produto. Ref.: C5001601250001<\/p>\n","protected":false},"excerpt":{"rendered":"<p>Estoque indispon\u00edvel.<br \/><small>atualizado em 18\/05\/2022.<\/p>\n","protected":false},"featured_media":752,"template":"","meta":[],"product_cat":[41],"product_tag":[],"_links":{"self":[{"href":"https:\/\/comprenowhats.com.br\/anacaprimacae\/wp-json\/wp\/v2\/product\/753"}],"collection":[{"href":"https:\/\/comprenowhats.com.br\/anacaprimacae\/wp-json\/wp\/v2\/product"}],"about":[{"href":"https:\/\/comprenowhats.com.br\/anacaprimacae\/wp-json\/wp\/v2\/types\/product"}],"wp:featuredmedia":[{"embeddable":true,"href":"https:\/\/comprenowhats.com.br\/anacaprimacae\/wp-json\/wp\/v2\/media\/752"}],"wp:attachment":[{"href":"https:\/\/comprenowhats.com.br\/anacaprimacae\/wp-json\/wp\/v2\/media?parent=753"}],"wp:term":[{"taxonomy":"product_cat","embeddable":true,"href":"https:\/\/comprenowhats.com.br\/anacaprimacae\/wp-json\/wp\/v2\/product_cat?post=753"},{"taxonomy":"product_tag","embeddable":true,"href":"https:\/\/comprenowhats.com.br\/anacaprimacae\/wp-json\/wp\/v2\/product_tag?post=753"}],"curies":[{"name":"wp","href":"https:\/\/api.w.org\/{rel}","templated":true}]}}