{"id":749,"date":"2020-07-30T15:38:43","date_gmt":"2020-07-30T18:38:43","guid":{"rendered":"https:\/\/comprenowhats.com.br\/anacaprimacae\/produto\/mochila-nova-york-preta-anacapri\/"},"modified":"2022-05-18T12:07:33","modified_gmt":"2022-05-18T15:07:33","slug":"mochila-nova-york-preta-anacapri","status":"publish","type":"product","link":"https:\/\/comprenowhats.com.br\/anacaprimacae\/produto\/mochila-nova-york-preta-anacapri\/","title":{"rendered":"Mochila Nova York Preta | Anacapri"},"content":{"rendered":"<p>Praticidade \u00e9 o sobrenome das mochilas, n\u00e9? E o nosso tamb\u00e9m. N\u00e3o tem nada mais pr\u00e1tico (e estiloso) que guardar o que precisamos no dia a dia dentro de uma mochila preta linda como essa, n\u00e9?<\/p>\n<div style='text-align: center'><\/div>\n<p>* Entre em contato por WhatsApp para verificar a disponibilidade do produto. Ref.: C5001400050001<\/p>\n","protected":false},"excerpt":{"rendered":"<p>Estoque indispon\u00edvel.<br \/><small>atualizado em 18\/05\/2022.<\/p>\n","protected":false},"featured_media":748,"template":"","meta":[],"product_cat":[40],"product_tag":[],"_links":{"self":[{"href":"https:\/\/comprenowhats.com.br\/anacaprimacae\/wp-json\/wp\/v2\/product\/749"}],"collection":[{"href":"https:\/\/comprenowhats.com.br\/anacaprimacae\/wp-json\/wp\/v2\/product"}],"about":[{"href":"https:\/\/comprenowhats.com.br\/anacaprimacae\/wp-json\/wp\/v2\/types\/product"}],"wp:featuredmedia":[{"embeddable":true,"href":"https:\/\/comprenowhats.com.br\/anacaprimacae\/wp-json\/wp\/v2\/media\/748"}],"wp:attachment":[{"href":"https:\/\/comprenowhats.com.br\/anacaprimacae\/wp-json\/wp\/v2\/media?parent=749"}],"wp:term":[{"taxonomy":"product_cat","embeddable":true,"href":"https:\/\/comprenowhats.com.br\/anacaprimacae\/wp-json\/wp\/v2\/product_cat?post=749"},{"taxonomy":"product_tag","embeddable":true,"href":"https:\/\/comprenowhats.com.br\/anacaprimacae\/wp-json\/wp\/v2\/product_tag?post=749"}],"curies":[{"name":"wp","href":"https:\/\/api.w.org\/{rel}","templated":true}]}}