{"id":747,"date":"2020-07-30T15:38:40","date_gmt":"2020-07-30T18:38:40","guid":{"rendered":"https:\/\/comprenowhats.com.br\/anacaprimacae\/produto\/crossbody-mari-matelasse-nude-g\/"},"modified":"2022-05-18T11:20:20","modified_gmt":"2022-05-18T14:20:20","slug":"crossbody-mari-matelasse-nude-g","status":"publish","type":"product","link":"https:\/\/comprenowhats.com.br\/anacaprimacae\/produto\/crossbody-mari-matelasse-nude-g\/","title":{"rendered":"Crossbody Mari Matelass\u00ea Nude G"},"content":{"rendered":"<p>Toda estruturada e com \u00f3timo espa\u00e7o interno, a bolsa crossbody tem al\u00e7a transversal e \u00e9 ideal para levar todos os bens important\u00edssimos e fundamentais para performer a arte de ir do-escrit\u00f3rio-pra-balada. O bolso frontal com detalhes gr\u00e1ficos deixa ela ainda mais estilosa, al\u00e9m de garantir f\u00e1cil acesso e um espa\u00e7o extra para aqueles itens mais importantes. Bora descomplicar o look &#8211; e a vida!<\/p>\n<div style='text-align: center'><img src='https:\/\/secure-static.anacapri.com.br\/medias\/sys_master\/anacapri\/anacapri\/h77\/ha2\/h00\/h00\/9590125363230\/5001202440003U-04-BASEIMAGE-Midres.jpg' style='max-height: 400px' \/><img src='https:\/\/secure-static.anacapri.com.br\/medias\/sys_master\/anacapri\/anacapri\/he2\/h52\/h00\/h00\/9590125035550\/5001202440003U-05-BASEIMAGE-Midres.jpg' style='max-height: 400px' \/><img src='https:\/\/secure-static.anacapri.com.br\/medias\/sys_master\/anacapri\/anacapri\/hc0\/h10\/h00\/h00\/9590124707870\/5001202440003U-06-BASEIMAGE-Midres.jpg' style='max-height: 400px' \/><\/div>\n<p>* Entre em contato por WhatsApp para verificar a disponibilidade do produto. Ref.: C5001202440003<\/p>\n","protected":false},"excerpt":{"rendered":"<p>Estoque indispon\u00edvel.<br \/><small>atualizado em 18\/05\/2022.<\/p>\n","protected":false},"featured_media":746,"template":"","meta":[],"product_cat":[32],"product_tag":[22,23,25,27],"_links":{"self":[{"href":"https:\/\/comprenowhats.com.br\/anacaprimacae\/wp-json\/wp\/v2\/product\/747"}],"collection":[{"href":"https:\/\/comprenowhats.com.br\/anacaprimacae\/wp-json\/wp\/v2\/product"}],"about":[{"href":"https:\/\/comprenowhats.com.br\/anacaprimacae\/wp-json\/wp\/v2\/types\/product"}],"wp:featuredmedia":[{"embeddable":true,"href":"https:\/\/comprenowhats.com.br\/anacaprimacae\/wp-json\/wp\/v2\/media\/746"}],"wp:attachment":[{"href":"https:\/\/comprenowhats.com.br\/anacaprimacae\/wp-json\/wp\/v2\/media?parent=747"}],"wp:term":[{"taxonomy":"product_cat","embeddable":true,"href":"https:\/\/comprenowhats.com.br\/anacaprimacae\/wp-json\/wp\/v2\/product_cat?post=747"},{"taxonomy":"product_tag","embeddable":true,"href":"https:\/\/comprenowhats.com.br\/anacaprimacae\/wp-json\/wp\/v2\/product_tag?post=747"}],"curies":[{"name":"wp","href":"https:\/\/api.w.org\/{rel}","templated":true}]}}