{"id":743,"date":"2020-07-30T15:38:35","date_gmt":"2020-07-30T18:38:35","guid":{"rendered":"https:\/\/comprenowhats.com.br\/anacaprimacae\/produto\/crossbody-mari-matelasse-preta-p\/"},"modified":"2022-05-18T11:20:19","modified_gmt":"2022-05-18T14:20:19","slug":"crossbody-mari-matelasse-preta-p","status":"publish","type":"product","link":"https:\/\/comprenowhats.com.br\/anacaprimacae\/produto\/crossbody-mari-matelasse-preta-p\/","title":{"rendered":"Crossbody Mari Matelass\u00ea Preta P"},"content":{"rendered":"<p>O bolso frontal com detalhes gr\u00e1ficos deixa a bolsa crossbody ainda mais estilosa. Com estrutura, espa\u00e7o inteiro e al\u00e7a transversal ideais para o dia a dia, essa lindinha foi feita para te acompanhar nos diversos looks descomplicados que voc\u00ea vai montar. Indispens\u00e1vel: sim ou sim?<\/p>\n<div style='text-align: center'><img src='https:\/\/secure-static.anacapri.com.br\/medias\/sys_master\/anacapri\/anacapri\/he5\/hbb\/h00\/h00\/9589999829022\/5001202430001U-04-BASEIMAGE-Midres.jpg' style='max-height: 400px' \/><img src='https:\/\/secure-static.anacapri.com.br\/medias\/sys_master\/anacapri\/anacapri\/hbf\/h88\/h00\/h00\/9589999501342\/5001202430001U-05-BASEIMAGE-Midres.jpg' style='max-height: 400px' \/><img src='https:\/\/secure-static.anacapri.com.br\/medias\/sys_master\/anacapri\/anacapri\/h70\/hd4\/h00\/h00\/9589999173662\/5001202430001U-06-BASEIMAGE-Midres.jpg' style='max-height: 400px' \/><\/div>\n<p>* Entre em contato por WhatsApp para verificar a disponibilidade do produto. Ref.: C5001202430001<\/p>\n","protected":false},"excerpt":{"rendered":"<p>Estoque indispon\u00edvel.<br \/><small>atualizado em 18\/05\/2022.<\/p>\n","protected":false},"featured_media":742,"template":"","meta":[],"product_cat":[32],"product_tag":[22,23,25,27],"_links":{"self":[{"href":"https:\/\/comprenowhats.com.br\/anacaprimacae\/wp-json\/wp\/v2\/product\/743"}],"collection":[{"href":"https:\/\/comprenowhats.com.br\/anacaprimacae\/wp-json\/wp\/v2\/product"}],"about":[{"href":"https:\/\/comprenowhats.com.br\/anacaprimacae\/wp-json\/wp\/v2\/types\/product"}],"wp:featuredmedia":[{"embeddable":true,"href":"https:\/\/comprenowhats.com.br\/anacaprimacae\/wp-json\/wp\/v2\/media\/742"}],"wp:attachment":[{"href":"https:\/\/comprenowhats.com.br\/anacaprimacae\/wp-json\/wp\/v2\/media?parent=743"}],"wp:term":[{"taxonomy":"product_cat","embeddable":true,"href":"https:\/\/comprenowhats.com.br\/anacaprimacae\/wp-json\/wp\/v2\/product_cat?post=743"},{"taxonomy":"product_tag","embeddable":true,"href":"https:\/\/comprenowhats.com.br\/anacaprimacae\/wp-json\/wp\/v2\/product_tag?post=743"}],"curies":[{"name":"wp","href":"https:\/\/api.w.org\/{rel}","templated":true}]}}