{"id":739,"date":"2020-07-30T15:38:32","date_gmt":"2020-07-30T18:38:32","guid":{"rendered":"https:\/\/comprenowhats.com.br\/anacaprimacae\/produto\/crossbody-matelasse-marrom\/"},"modified":"2022-05-18T11:20:20","modified_gmt":"2022-05-18T14:20:20","slug":"crossbody-matelasse-marrom","status":"publish","type":"product","link":"https:\/\/comprenowhats.com.br\/anacaprimacae\/produto\/crossbody-matelasse-marrom\/","title":{"rendered":"Crossbody Matelass\u00ea Marrom"},"content":{"rendered":"<p>Uma vez considerados super ousados, hoje os acess\u00f3rios met\u00e1licos s\u00e3o indispens\u00e1veis no look das fashionistas. Com modelagem geom\u00e9trica e bordas arredondadas, essa J\u00d3IA que vamos chamar aqui de bolsa crossbody vai te acompanhar do office look pra balada, j\u00e1 que tem um espa\u00e7o interno perfeito para voc\u00ea levar aqueles itens indispens\u00e1veis para passar o dia. Um verdadeiro must have!<\/p>\n<div style='text-align: center'><img src='https:\/\/secure-static.anacapri.com.br\/medias\/sys_master\/anacapri\/anacapri\/h3c\/hd6\/h00\/h00\/9589904932894\/5001202400007U-04-BASEIMAGE-Midres.jpg' style='max-height: 400px' \/><img src='https:\/\/secure-static.anacapri.com.br\/medias\/sys_master\/anacapri\/anacapri\/h60\/h30\/h00\/h00\/9589904605214\/5001202400007U-05-BASEIMAGE-Midres.jpg' style='max-height: 400px' \/><img src='https:\/\/secure-static.anacapri.com.br\/medias\/sys_master\/anacapri\/anacapri\/h30\/hd3\/h00\/h00\/9589904277534\/5001202400007U-06-BASEIMAGE-Midres.jpg' style='max-height: 400px' \/><\/div>\n<p>* Entre em contato por WhatsApp para verificar a disponibilidade do produto. Ref.: C5001202400007<\/p>\n","protected":false},"excerpt":{"rendered":"<p>Estoque indispon\u00edvel.<br \/><small>atualizado em 18\/05\/2022.<\/p>\n","protected":false},"featured_media":738,"template":"","meta":[],"product_cat":[32],"product_tag":[22,23,25,27],"_links":{"self":[{"href":"https:\/\/comprenowhats.com.br\/anacaprimacae\/wp-json\/wp\/v2\/product\/739"}],"collection":[{"href":"https:\/\/comprenowhats.com.br\/anacaprimacae\/wp-json\/wp\/v2\/product"}],"about":[{"href":"https:\/\/comprenowhats.com.br\/anacaprimacae\/wp-json\/wp\/v2\/types\/product"}],"wp:featuredmedia":[{"embeddable":true,"href":"https:\/\/comprenowhats.com.br\/anacaprimacae\/wp-json\/wp\/v2\/media\/738"}],"wp:attachment":[{"href":"https:\/\/comprenowhats.com.br\/anacaprimacae\/wp-json\/wp\/v2\/media?parent=739"}],"wp:term":[{"taxonomy":"product_cat","embeddable":true,"href":"https:\/\/comprenowhats.com.br\/anacaprimacae\/wp-json\/wp\/v2\/product_cat?post=739"},{"taxonomy":"product_tag","embeddable":true,"href":"https:\/\/comprenowhats.com.br\/anacaprimacae\/wp-json\/wp\/v2\/product_tag?post=739"}],"curies":[{"name":"wp","href":"https:\/\/api.w.org\/{rel}","templated":true}]}}