{"id":735,"date":"2020-07-30T15:38:29","date_gmt":"2020-07-30T18:38:29","guid":{"rendered":"https:\/\/comprenowhats.com.br\/anacaprimacae\/produto\/crossbody-mari-matelasse-preta\/"},"modified":"2022-05-18T11:20:18","modified_gmt":"2022-05-18T14:20:18","slug":"crossbody-mari-matelasse-preta","status":"publish","type":"product","link":"https:\/\/comprenowhats.com.br\/anacaprimacae\/produto\/crossbody-mari-matelasse-preta\/","title":{"rendered":"Crossbody Mari Matelass\u00ea Preta"},"content":{"rendered":"<p>Com al\u00e7a larga tipo fita a bolsa tiracolo tem um charmoso detalhe de costuras que formam desenhos geom\u00e9tricos na parte externa. Al\u00e9m de ser uma pe\u00e7a mais despojada &#8211; que pode ser usada no dia a dia mas tamb\u00e9m cai superbem com o happy hour, a pe\u00e7a \u00e9 vers\u00e1til e charmosa.<\/p>\n<div style='text-align: center'><img src='https:\/\/secure-static.anacapri.com.br\/medias\/sys_master\/anacapri\/anacapri\/hd1\/h90\/h00\/h00\/9555574587422\/5001202290001U-04-BASEIMAGE-Midres.jpg' style='max-height: 400px' \/><img src='https:\/\/secure-static.anacapri.com.br\/medias\/sys_master\/anacapri\/anacapri\/had\/h74\/h00\/h00\/9555573932062\/5001202290001U-05-BASEIMAGE-Midres.jpg' style='max-height: 400px' \/><img src='https:\/\/secure-static.anacapri.com.br\/medias\/sys_master\/anacapri\/anacapri\/h17\/h25\/h00\/h00\/9555573604382\/5001202290001U-06-BASEIMAGE-Midres.jpg' style='max-height: 400px' \/><\/div>\n<p>* Entre em contato por WhatsApp para verificar a disponibilidade do produto. Ref.: C5001202290001<\/p>\n","protected":false},"excerpt":{"rendered":"<p>Estoque indispon\u00edvel.<br \/><small>atualizado em 18\/05\/2022.<\/p>\n","protected":false},"featured_media":734,"template":"","meta":[],"product_cat":[32],"product_tag":[22,23,25,27],"_links":{"self":[{"href":"https:\/\/comprenowhats.com.br\/anacaprimacae\/wp-json\/wp\/v2\/product\/735"}],"collection":[{"href":"https:\/\/comprenowhats.com.br\/anacaprimacae\/wp-json\/wp\/v2\/product"}],"about":[{"href":"https:\/\/comprenowhats.com.br\/anacaprimacae\/wp-json\/wp\/v2\/types\/product"}],"wp:featuredmedia":[{"embeddable":true,"href":"https:\/\/comprenowhats.com.br\/anacaprimacae\/wp-json\/wp\/v2\/media\/734"}],"wp:attachment":[{"href":"https:\/\/comprenowhats.com.br\/anacaprimacae\/wp-json\/wp\/v2\/media?parent=735"}],"wp:term":[{"taxonomy":"product_cat","embeddable":true,"href":"https:\/\/comprenowhats.com.br\/anacaprimacae\/wp-json\/wp\/v2\/product_cat?post=735"},{"taxonomy":"product_tag","embeddable":true,"href":"https:\/\/comprenowhats.com.br\/anacaprimacae\/wp-json\/wp\/v2\/product_tag?post=735"}],"curies":[{"name":"wp","href":"https:\/\/api.w.org\/{rel}","templated":true}]}}