{"id":731,"date":"2020-07-30T15:38:27","date_gmt":"2020-07-30T18:38:27","guid":{"rendered":"https:\/\/comprenowhats.com.br\/anacaprimacae\/produto\/crossbody-3-em-1-croco-preta\/"},"modified":"2022-05-18T11:20:17","modified_gmt":"2022-05-18T14:20:17","slug":"crossbody-3-em-1-croco-preta","status":"publish","type":"product","link":"https:\/\/comprenowhats.com.br\/anacaprimacae\/produto\/crossbody-3-em-1-croco-preta\/","title":{"rendered":"Crossbody 3 em 1 Croco Preta"},"content":{"rendered":"<p>3 em 1! \u00c9 isso MESMO! Uma lindinha com super poderes, a crossbody \u00e9 aquela pe\u00e7a chave do look estiloso. Al\u00e9m da al\u00e7a remov\u00edvel para ser usada na transversal, ela tamb\u00e9m vira pochete &#8211; perfeita para a produ\u00e7\u00e3o de festa e pr\u00e1tica al\u00e9m da conta para o dia a dia. MAS ESPERE! Posicionada estrategicamente dentro do bolsinho frontal, a carteira com texturizado croco facilita o acesso aos itens essenciais e pode ser usada separada. Glamour 24\/7: sim e sim!<\/p>\n<div style='text-align: center'><img src='https:\/\/secure-static.anacapri.com.br\/medias\/sys_master\/anacapri\/anacapri\/h85\/h4f\/h00\/h00\/9590085779486\/5001201400007U-04-BASEIMAGE-Midres.jpg' style='max-height: 400px' \/><img src='https:\/\/secure-static.anacapri.com.br\/medias\/sys_master\/anacapri\/anacapri\/h81\/hb3\/h00\/h00\/9590085451806\/5001201400007U-05-BASEIMAGE-Midres.jpg' style='max-height: 400px' \/><img src='https:\/\/secure-static.anacapri.com.br\/medias\/sys_master\/anacapri\/anacapri\/h4e\/hee\/h00\/h00\/9590085124126\/5001201400007U-06-BASEIMAGE-Midres.jpg' style='max-height: 400px' \/><\/div>\n<p>* Entre em contato por WhatsApp para verificar a disponibilidade do produto. Ref.: C5001201400007<\/p>\n","protected":false},"excerpt":{"rendered":"<p>Estoque indispon\u00edvel.<br \/><small>atualizado em 18\/05\/2022.<\/p>\n","protected":false},"featured_media":730,"template":"","meta":[],"product_cat":[32],"product_tag":[22,23,25,27],"_links":{"self":[{"href":"https:\/\/comprenowhats.com.br\/anacaprimacae\/wp-json\/wp\/v2\/product\/731"}],"collection":[{"href":"https:\/\/comprenowhats.com.br\/anacaprimacae\/wp-json\/wp\/v2\/product"}],"about":[{"href":"https:\/\/comprenowhats.com.br\/anacaprimacae\/wp-json\/wp\/v2\/types\/product"}],"wp:featuredmedia":[{"embeddable":true,"href":"https:\/\/comprenowhats.com.br\/anacaprimacae\/wp-json\/wp\/v2\/media\/730"}],"wp:attachment":[{"href":"https:\/\/comprenowhats.com.br\/anacaprimacae\/wp-json\/wp\/v2\/media?parent=731"}],"wp:term":[{"taxonomy":"product_cat","embeddable":true,"href":"https:\/\/comprenowhats.com.br\/anacaprimacae\/wp-json\/wp\/v2\/product_cat?post=731"},{"taxonomy":"product_tag","embeddable":true,"href":"https:\/\/comprenowhats.com.br\/anacaprimacae\/wp-json\/wp\/v2\/product_tag?post=731"}],"curies":[{"name":"wp","href":"https:\/\/api.w.org\/{rel}","templated":true}]}}