{"id":729,"date":"2020-07-30T15:38:25","date_gmt":"2020-07-30T18:38:25","guid":{"rendered":"https:\/\/comprenowhats.com.br\/anacaprimacae\/produto\/crossbody-matelasse-cobre-anacapri\/"},"modified":"2022-05-18T11:20:11","modified_gmt":"2022-05-18T14:20:11","slug":"crossbody-matelasse-cobre-anacapri","status":"publish","type":"product","link":"https:\/\/comprenowhats.com.br\/anacaprimacae\/produto\/crossbody-matelasse-cobre-anacapri\/","title":{"rendered":"Crossbody Matelass\u00ea Cobre | Anacapri"},"content":{"rendered":"<p>Met\u00e1lico + matelass\u00ea + correntes = sucesso total e absoluto! A bolsa com shape retangular e al\u00e7a pra ser usada a tiracolo d\u00e1 um upgrade fashion para todo  e qualquer look do seu acervo. Al\u00e9m de ser linda&amp;perfeita, ela ainda conta com um espa\u00e7o interno para levar aqueles itens indispens\u00e1veis para passar o dia. Bora descomplicar nos 365 dias do ano?<\/p>\n<div style='text-align: center'><\/div>\n<p>* Entre em contato por WhatsApp para verificar a disponibilidade do produto. Ref.: C5001201110007<\/p>\n","protected":false},"excerpt":{"rendered":"<p>Estoque indispon\u00edvel.<br \/><small>atualizado em 18\/05\/2022.<\/p>\n","protected":false},"featured_media":728,"template":"","meta":[],"product_cat":[32],"product_tag":[22,23,25,27],"_links":{"self":[{"href":"https:\/\/comprenowhats.com.br\/anacaprimacae\/wp-json\/wp\/v2\/product\/729"}],"collection":[{"href":"https:\/\/comprenowhats.com.br\/anacaprimacae\/wp-json\/wp\/v2\/product"}],"about":[{"href":"https:\/\/comprenowhats.com.br\/anacaprimacae\/wp-json\/wp\/v2\/types\/product"}],"wp:featuredmedia":[{"embeddable":true,"href":"https:\/\/comprenowhats.com.br\/anacaprimacae\/wp-json\/wp\/v2\/media\/728"}],"wp:attachment":[{"href":"https:\/\/comprenowhats.com.br\/anacaprimacae\/wp-json\/wp\/v2\/media?parent=729"}],"wp:term":[{"taxonomy":"product_cat","embeddable":true,"href":"https:\/\/comprenowhats.com.br\/anacaprimacae\/wp-json\/wp\/v2\/product_cat?post=729"},{"taxonomy":"product_tag","embeddable":true,"href":"https:\/\/comprenowhats.com.br\/anacaprimacae\/wp-json\/wp\/v2\/product_tag?post=729"}],"curies":[{"name":"wp","href":"https:\/\/api.w.org\/{rel}","templated":true}]}}