{"id":721,"date":"2020-07-30T15:38:01","date_gmt":"2020-07-30T18:38:01","guid":{"rendered":"https:\/\/comprenowhats.com.br\/anacaprimacae\/produto\/tenis-rafa-lona-bege\/"},"modified":"2021-09-27T18:39:40","modified_gmt":"2021-09-27T21:39:40","slug":"tenis-rafa-lona-bege","status":"publish","type":"product","link":"https:\/\/comprenowhats.com.br\/anacaprimacae\/produto\/tenis-rafa-lona-bege\/","title":{"rendered":"T\u00eanis Rafa Lona Bege"},"content":{"rendered":"<p>Com solado levemente rosado, aquele t\u00eanis de lona &#8211; perfeito companheiro de todas as horas &#8211; ganha ainda mais estilo. Perfeito para looks casuais e atemporais, tamb\u00e9m vale ser testado em produ\u00e7\u00f5es mais modernas com pe\u00e7as cl\u00e1ssicas como cal\u00e7as de alfaiataria e quem sabe um blazer de linho.<\/p>\n<div style='text-align: center'><img src='https:\/\/secure-static.anacapri.com.br\/medias\/sys_master\/anacapri\/anacapri\/h06\/ha7\/h00\/h00\/9555555909662\/3021100010003U-04-BASEIMAGE-Midres.jpg' style='max-height: 400px' \/><img src='https:\/\/secure-static.anacapri.com.br\/medias\/sys_master\/anacapri\/anacapri\/h54\/h03\/h00\/h00\/9555554926622\/3021100010003U-05-BASEIMAGE-Midres.jpg' style='max-height: 400px' \/><img src='https:\/\/secure-static.anacapri.com.br\/medias\/sys_master\/anacapri\/anacapri\/ha5\/hc9\/h00\/h00\/9555554271262\/3021100010003U-06-BASEIMAGE-Midres.jpg' style='max-height: 400px' \/><\/div>\n<p>* Entre em contato por WhatsApp para verificar a disponibilidade do produto. Ref.: C3021100010003<\/p>\n","protected":false},"excerpt":{"rendered":"<p>Estoque indispon\u00edvel.<br \/><small>atualizado em 27\/09\/2021.<\/p>\n","protected":false},"featured_media":720,"template":"","meta":[],"product_cat":[31],"product_tag":[23,24,25,26,27],"_links":{"self":[{"href":"https:\/\/comprenowhats.com.br\/anacaprimacae\/wp-json\/wp\/v2\/product\/721"}],"collection":[{"href":"https:\/\/comprenowhats.com.br\/anacaprimacae\/wp-json\/wp\/v2\/product"}],"about":[{"href":"https:\/\/comprenowhats.com.br\/anacaprimacae\/wp-json\/wp\/v2\/types\/product"}],"wp:featuredmedia":[{"embeddable":true,"href":"https:\/\/comprenowhats.com.br\/anacaprimacae\/wp-json\/wp\/v2\/media\/720"}],"wp:attachment":[{"href":"https:\/\/comprenowhats.com.br\/anacaprimacae\/wp-json\/wp\/v2\/media?parent=721"}],"wp:term":[{"taxonomy":"product_cat","embeddable":true,"href":"https:\/\/comprenowhats.com.br\/anacaprimacae\/wp-json\/wp\/v2\/product_cat?post=721"},{"taxonomy":"product_tag","embeddable":true,"href":"https:\/\/comprenowhats.com.br\/anacaprimacae\/wp-json\/wp\/v2\/product_tag?post=721"}],"curies":[{"name":"wp","href":"https:\/\/api.w.org\/{rel}","templated":true}]}}