{"id":715,"date":"2020-07-30T15:37:43","date_gmt":"2020-07-30T18:37:43","guid":{"rendered":"https:\/\/comprenowhats.com.br\/anacaprimacae\/produto\/mule-bridao-croco-preto\/"},"modified":"2022-05-18T11:20:10","modified_gmt":"2022-05-18T14:20:10","slug":"mule-bridao-croco-preto","status":"publish","type":"product","link":"https:\/\/comprenowhats.com.br\/anacaprimacae\/produto\/mule-bridao-croco-preto\/","title":{"rendered":"Mule Brid\u00e3o Croco Preto"},"content":{"rendered":"<p>O mule com detalhes \u00e0 la mocassim \u00e9 um dos modelos mais queridinhos das descomplicadas. Mas por qu\u00ea? A gente te conta! Al\u00e9m de ser super gostosinho de usar, ele tem toda aquela vibe vintage que combina com todos os looks imagin\u00e1veis e inimagin\u00e1veis: vai com jeans justos ou boyfriend, pe\u00e7as larguinhas, vestidos e saias super femininos e com aquele look tomboy todo em alfaiataria. Essa vers\u00e3o ainda conta com texturizado croco, super cl\u00e1ssico e atual ao mesmo tempo. Amor \u00e0 primeira vista!<\/p>\n<div style='text-align: center'><img src='https:\/\/secure-static.anacapri.com.br\/medias\/sys_master\/anacapri\/anacapri\/h27\/hbf\/h00\/h00\/9594688241694\/3020200010003U-04-BASEIMAGE-Midres.jpg' style='max-height: 400px' \/><img src='https:\/\/secure-static.anacapri.com.br\/medias\/sys_master\/anacapri\/anacapri\/h09\/haf\/h00\/h00\/9594687914014\/3020200010003U-05-BASEIMAGE-Midres.jpg' style='max-height: 400px' \/><img src='https:\/\/secure-static.anacapri.com.br\/medias\/sys_master\/anacapri\/anacapri\/h26\/hae\/h00\/h00\/9594687586334\/3020200010003U-06-BASEIMAGE-Midres.jpg' style='max-height: 400px' \/><\/div>\n<p>* Entre em contato por WhatsApp para verificar a disponibilidade do produto. Ref.: C3020200010003<\/p>\n","protected":false},"excerpt":{"rendered":"<p>Estoque indispon\u00edvel.<br \/><small>atualizado em 18\/05\/2022.<\/p>\n","protected":false},"featured_media":714,"template":"","meta":[],"product_cat":[34],"product_tag":[23,24,25],"_links":{"self":[{"href":"https:\/\/comprenowhats.com.br\/anacaprimacae\/wp-json\/wp\/v2\/product\/715"}],"collection":[{"href":"https:\/\/comprenowhats.com.br\/anacaprimacae\/wp-json\/wp\/v2\/product"}],"about":[{"href":"https:\/\/comprenowhats.com.br\/anacaprimacae\/wp-json\/wp\/v2\/types\/product"}],"wp:featuredmedia":[{"embeddable":true,"href":"https:\/\/comprenowhats.com.br\/anacaprimacae\/wp-json\/wp\/v2\/media\/714"}],"wp:attachment":[{"href":"https:\/\/comprenowhats.com.br\/anacaprimacae\/wp-json\/wp\/v2\/media?parent=715"}],"wp:term":[{"taxonomy":"product_cat","embeddable":true,"href":"https:\/\/comprenowhats.com.br\/anacaprimacae\/wp-json\/wp\/v2\/product_cat?post=715"},{"taxonomy":"product_tag","embeddable":true,"href":"https:\/\/comprenowhats.com.br\/anacaprimacae\/wp-json\/wp\/v2\/product_tag?post=715"}],"curies":[{"name":"wp","href":"https:\/\/api.w.org\/{rel}","templated":true}]}}