{"id":713,"date":"2020-07-30T15:37:30","date_gmt":"2020-07-30T18:37:30","guid":{"rendered":"https:\/\/comprenowhats.com.br\/anacaprimacae\/produto\/mule-bridao-croco-vinho\/"},"modified":"2022-05-18T11:20:08","modified_gmt":"2022-05-18T14:20:08","slug":"mule-bridao-croco-vinho","status":"publish","type":"product","link":"https:\/\/comprenowhats.com.br\/anacaprimacae\/produto\/mule-bridao-croco-vinho\/","title":{"rendered":"Mule Brid\u00e3o Croco Vinho"},"content":{"rendered":"<p>O mule com detalhes \u00e0 la mocassim \u00e9 um dos modelos mais queridinhos das descomplicadas. Mas por qu\u00ea? A gente te conta! Al\u00e9m de ser super gostosinho de usar, ele tem toda aquela vibe vintage que combina com todos os looks imagin\u00e1veis e inimagin\u00e1veis: vai com jeans justos ou boyfriend, pe\u00e7as larguinhas, vestidos e saias super femininos e com aquele look tomboy todo em alfaiataria. Essa vers\u00e3o ainda conta com texturizado croco, super cl\u00e1ssico e atual ao mesmo tempo. Amor \u00e0 primeira vista!<\/p>\n<div style='text-align: center'><img src='https:\/\/secure-static.anacapri.com.br\/medias\/sys_master\/anacapri\/anacapri\/hed\/h1b\/h00\/h00\/9589892087838\/3020200010001U-04-BASEIMAGE-Midres.jpg' style='max-height: 400px' \/><img src='https:\/\/secure-static.anacapri.com.br\/medias\/sys_master\/anacapri\/anacapri\/hfe\/h8e\/h00\/h00\/9589891760158\/3020200010001U-05-BASEIMAGE-Midres.jpg' style='max-height: 400px' \/><img src='https:\/\/secure-static.anacapri.com.br\/medias\/sys_master\/anacapri\/anacapri\/h93\/hde\/h00\/h00\/9589891432478\/3020200010001U-06-BASEIMAGE-Midres.jpg' style='max-height: 400px' \/><\/div>\n<p>* Entre em contato por WhatsApp para verificar a disponibilidade do produto. Ref.: C3020200010001<\/p>\n","protected":false},"excerpt":{"rendered":"<p>Estoque indispon\u00edvel.<br \/><small>atualizado em 18\/05\/2022.<\/p>\n","protected":false},"featured_media":712,"template":"","meta":[],"product_cat":[34],"product_tag":[23,24,25],"_links":{"self":[{"href":"https:\/\/comprenowhats.com.br\/anacaprimacae\/wp-json\/wp\/v2\/product\/713"}],"collection":[{"href":"https:\/\/comprenowhats.com.br\/anacaprimacae\/wp-json\/wp\/v2\/product"}],"about":[{"href":"https:\/\/comprenowhats.com.br\/anacaprimacae\/wp-json\/wp\/v2\/types\/product"}],"wp:featuredmedia":[{"embeddable":true,"href":"https:\/\/comprenowhats.com.br\/anacaprimacae\/wp-json\/wp\/v2\/media\/712"}],"wp:attachment":[{"href":"https:\/\/comprenowhats.com.br\/anacaprimacae\/wp-json\/wp\/v2\/media?parent=713"}],"wp:term":[{"taxonomy":"product_cat","embeddable":true,"href":"https:\/\/comprenowhats.com.br\/anacaprimacae\/wp-json\/wp\/v2\/product_cat?post=713"},{"taxonomy":"product_tag","embeddable":true,"href":"https:\/\/comprenowhats.com.br\/anacaprimacae\/wp-json\/wp\/v2\/product_tag?post=713"}],"curies":[{"name":"wp","href":"https:\/\/api.w.org\/{rel}","templated":true}]}}