{"id":711,"date":"2020-07-30T15:37:26","date_gmt":"2020-07-30T18:37:26","guid":{"rendered":"https:\/\/comprenowhats.com.br\/anacaprimacae\/produto\/tenis-verde-slip-on-sola-alta-knit-anacapri\/"},"modified":"2022-05-18T11:20:08","modified_gmt":"2022-05-18T14:20:08","slug":"tenis-verde-slip-on-sola-alta-knit-anacapri","status":"publish","type":"product","link":"https:\/\/comprenowhats.com.br\/anacaprimacae\/produto\/tenis-verde-slip-on-sola-alta-knit-anacapri\/","title":{"rendered":"T\u00eanis Verde Slip On Sola Alta Knit | Anacapri"},"content":{"rendered":"<p>Voc\u00ea quer HIT? O slip on com revestimento em tric\u00f4 e plataforma \u00e9 um must have absoluto, e a gente te fala por que: 1) ele se molda ao p\u00e9 como uma luva e 2) \u00e9 a certeza de looks fashionistas instantaneamente! Bora ousar no office look e deixar as produ\u00e7\u00f5es do findi com carinha de streetstyle? Ser descomplicada nunca foi t\u00e3o f\u00e1cil. Vamos? Esse t\u00eanis possui sola em EVA que deixa ele super levinho e confort\u00e1vel!<\/p>\n<div style='text-align: center'><\/div>\n<p>* Entre em contato por WhatsApp para verificar a disponibilidade do produto. Ref.: C3019600020003<\/p>\n","protected":false},"excerpt":{"rendered":"<p>Estoque indispon\u00edvel.<br \/><small>atualizado em 18\/05\/2022.<\/p>\n","protected":false},"featured_media":710,"template":"","meta":[],"product_cat":[31],"product_tag":[23,24,25],"_links":{"self":[{"href":"https:\/\/comprenowhats.com.br\/anacaprimacae\/wp-json\/wp\/v2\/product\/711"}],"collection":[{"href":"https:\/\/comprenowhats.com.br\/anacaprimacae\/wp-json\/wp\/v2\/product"}],"about":[{"href":"https:\/\/comprenowhats.com.br\/anacaprimacae\/wp-json\/wp\/v2\/types\/product"}],"wp:featuredmedia":[{"embeddable":true,"href":"https:\/\/comprenowhats.com.br\/anacaprimacae\/wp-json\/wp\/v2\/media\/710"}],"wp:attachment":[{"href":"https:\/\/comprenowhats.com.br\/anacaprimacae\/wp-json\/wp\/v2\/media?parent=711"}],"wp:term":[{"taxonomy":"product_cat","embeddable":true,"href":"https:\/\/comprenowhats.com.br\/anacaprimacae\/wp-json\/wp\/v2\/product_cat?post=711"},{"taxonomy":"product_tag","embeddable":true,"href":"https:\/\/comprenowhats.com.br\/anacaprimacae\/wp-json\/wp\/v2\/product_tag?post=711"}],"curies":[{"name":"wp","href":"https:\/\/api.w.org\/{rel}","templated":true}]}}