{"id":709,"date":"2020-07-30T15:37:17","date_gmt":"2020-07-30T18:37:17","guid":{"rendered":"https:\/\/comprenowhats.com.br\/anacaprimacae\/produto\/tenis-slip-on-sola-alta-knit-blush-anacapri\/"},"modified":"2022-05-18T11:20:07","modified_gmt":"2022-05-18T14:20:07","slug":"tenis-slip-on-sola-alta-knit-blush-anacapri","status":"publish","type":"product","link":"https:\/\/comprenowhats.com.br\/anacaprimacae\/produto\/tenis-slip-on-sola-alta-knit-blush-anacapri\/","title":{"rendered":"T\u00eanis Slip On Sola Alta Knit Blush | Anacapri"},"content":{"rendered":"<p>Voc\u00ea quer HIT? O slip on com revestimento em tric\u00f4 e plataforma \u00e9 um must have absoluto, e a gente te fala por que: 1) ele se molda ao p\u00e9 como uma luva e 2) \u00e9 a certeza de looks fashionistas instantaneamente! Bora ousar no office look e deixar as produ\u00e7\u00f5es do findi com carinha de streetstyle? Ser descomplicada nunca foi t\u00e3o f\u00e1cil. Vamos? Esse t\u00eanis possui sola em EVA que deixa ele super levinho e confort\u00e1vel!<\/p>\n<div style='text-align: center'><\/div>\n<p>* Entre em contato por WhatsApp para verificar a disponibilidade do produto. Ref.: C3019600020002<\/p>\n","protected":false},"excerpt":{"rendered":"<p>Estoque indispon\u00edvel.<br \/><small>atualizado em 18\/05\/2022.<\/p>\n","protected":false},"featured_media":708,"template":"","meta":[],"product_cat":[31],"product_tag":[23,24,25],"_links":{"self":[{"href":"https:\/\/comprenowhats.com.br\/anacaprimacae\/wp-json\/wp\/v2\/product\/709"}],"collection":[{"href":"https:\/\/comprenowhats.com.br\/anacaprimacae\/wp-json\/wp\/v2\/product"}],"about":[{"href":"https:\/\/comprenowhats.com.br\/anacaprimacae\/wp-json\/wp\/v2\/types\/product"}],"wp:featuredmedia":[{"embeddable":true,"href":"https:\/\/comprenowhats.com.br\/anacaprimacae\/wp-json\/wp\/v2\/media\/708"}],"wp:attachment":[{"href":"https:\/\/comprenowhats.com.br\/anacaprimacae\/wp-json\/wp\/v2\/media?parent=709"}],"wp:term":[{"taxonomy":"product_cat","embeddable":true,"href":"https:\/\/comprenowhats.com.br\/anacaprimacae\/wp-json\/wp\/v2\/product_cat?post=709"},{"taxonomy":"product_tag","embeddable":true,"href":"https:\/\/comprenowhats.com.br\/anacaprimacae\/wp-json\/wp\/v2\/product_tag?post=709"}],"curies":[{"name":"wp","href":"https:\/\/api.w.org\/{rel}","templated":true}]}}