{"id":703,"date":"2020-07-30T15:37:08","date_gmt":"2020-07-30T18:37:08","guid":{"rendered":"https:\/\/comprenowhats.com.br\/anacaprimacae\/produto\/sandalia-bolinhas-preta-anacapri\/"},"modified":"2022-05-18T12:07:22","modified_gmt":"2022-05-18T15:07:22","slug":"sandalia-bolinhas-preta-anacapri","status":"publish","type":"product","link":"https:\/\/comprenowhats.com.br\/anacaprimacae\/produto\/sandalia-bolinhas-preta-anacapri\/","title":{"rendered":"Sand\u00e1lia Bolinhas Preta | Anacapri"},"content":{"rendered":"<p>As tiras finas voc\u00ea j\u00e1 sabe: s\u00e3o hit da temporada. Mas combinada com as aplica\u00e7\u00f5es das bolinhas  sobre o peito do p\u00e9 ficam ainda mais divertidas! A pe\u00e7a, delicada, tem fechamento com fivela na lateral e \u00e9 aquela rasteira que a gente ama! Nesse modelo aconselhamos a compra de um tamanho maior do que sua numera\u00e7\u00e3o convencional.<\/p>\n<div style='text-align: center'><\/div>\n<p>* Entre em contato por WhatsApp para verificar a disponibilidade do produto. Ref.: C3017900010009<\/p>\n","protected":false},"excerpt":{"rendered":"<p>Estoque indispon\u00edvel.<br \/><small>atualizado em 18\/05\/2022.<\/p>\n","protected":false},"featured_media":702,"template":"","meta":[],"product_cat":[29],"product_tag":[26],"_links":{"self":[{"href":"https:\/\/comprenowhats.com.br\/anacaprimacae\/wp-json\/wp\/v2\/product\/703"}],"collection":[{"href":"https:\/\/comprenowhats.com.br\/anacaprimacae\/wp-json\/wp\/v2\/product"}],"about":[{"href":"https:\/\/comprenowhats.com.br\/anacaprimacae\/wp-json\/wp\/v2\/types\/product"}],"wp:featuredmedia":[{"embeddable":true,"href":"https:\/\/comprenowhats.com.br\/anacaprimacae\/wp-json\/wp\/v2\/media\/702"}],"wp:attachment":[{"href":"https:\/\/comprenowhats.com.br\/anacaprimacae\/wp-json\/wp\/v2\/media?parent=703"}],"wp:term":[{"taxonomy":"product_cat","embeddable":true,"href":"https:\/\/comprenowhats.com.br\/anacaprimacae\/wp-json\/wp\/v2\/product_cat?post=703"},{"taxonomy":"product_tag","embeddable":true,"href":"https:\/\/comprenowhats.com.br\/anacaprimacae\/wp-json\/wp\/v2\/product_tag?post=703"}],"curies":[{"name":"wp","href":"https:\/\/api.w.org\/{rel}","templated":true}]}}