{"id":701,"date":"2020-07-30T15:37:05","date_gmt":"2020-07-30T18:37:05","guid":{"rendered":"https:\/\/comprenowhats.com.br\/anacaprimacae\/produto\/sandalia-fivela-rosa-antigo\/"},"modified":"2022-05-18T11:20:01","modified_gmt":"2022-05-18T14:20:01","slug":"sandalia-fivela-rosa-antigo","status":"publish","type":"product","link":"https:\/\/comprenowhats.com.br\/anacaprimacae\/produto\/sandalia-fivela-rosa-antigo\/","title":{"rendered":"Sand\u00e1lia Fivela Rosa Antigo"},"content":{"rendered":"<p>A busca pela flat mais cool e vers\u00e1til acaba aqui! Com ares artsy. essa \u00e9 aquela rasteira que nos deixa na d\u00favida se deve estar no closet ou numa galeria de arte. Com mix de acabamentos &#8211; verniz e acamur\u00e7ado &#8211; e maxi fivela, ela \u00e9 perfeita para compor visuais no melhor estilo chic sem esfor\u00e7o, transformando at\u00e9 o look b\u00e1sico em um sucesso do streetstyle. Pronta para a chuva de likes?<\/p>\n<div style='text-align: center'><img src='https:\/\/secure-static.anacapri.com.br\/medias\/sys_master\/anacapri\/anacapri\/hb3\/h30\/h00\/h00\/9589952708638\/3016400020013U-04-BASEIMAGE-Midres.jpg' style='max-height: 400px' \/><img src='https:\/\/secure-static.anacapri.com.br\/medias\/sys_master\/anacapri\/anacapri\/h6e\/h37\/h00\/h00\/9589952380958\/3016400020013U-05-BASEIMAGE-Midres.jpg' style='max-height: 400px' \/><img src='https:\/\/secure-static.anacapri.com.br\/medias\/sys_master\/anacapri\/anacapri\/h9e\/h95\/h00\/h00\/9589952053278\/3016400020013U-06-BASEIMAGE-Midres.jpg' style='max-height: 400px' \/><\/div>\n<p>* Entre em contato por WhatsApp para verificar a disponibilidade do produto. Ref.: C3016400020013<\/p>\n","protected":false},"excerpt":{"rendered":"<p>Estoque indispon\u00edvel.<br \/><small>atualizado em 18\/05\/2022.<\/p>\n","protected":false},"featured_media":700,"template":"","meta":[],"product_cat":[29],"product_tag":[22],"_links":{"self":[{"href":"https:\/\/comprenowhats.com.br\/anacaprimacae\/wp-json\/wp\/v2\/product\/701"}],"collection":[{"href":"https:\/\/comprenowhats.com.br\/anacaprimacae\/wp-json\/wp\/v2\/product"}],"about":[{"href":"https:\/\/comprenowhats.com.br\/anacaprimacae\/wp-json\/wp\/v2\/types\/product"}],"wp:featuredmedia":[{"embeddable":true,"href":"https:\/\/comprenowhats.com.br\/anacaprimacae\/wp-json\/wp\/v2\/media\/700"}],"wp:attachment":[{"href":"https:\/\/comprenowhats.com.br\/anacaprimacae\/wp-json\/wp\/v2\/media?parent=701"}],"wp:term":[{"taxonomy":"product_cat","embeddable":true,"href":"https:\/\/comprenowhats.com.br\/anacaprimacae\/wp-json\/wp\/v2\/product_cat?post=701"},{"taxonomy":"product_tag","embeddable":true,"href":"https:\/\/comprenowhats.com.br\/anacaprimacae\/wp-json\/wp\/v2\/product_tag?post=701"}],"curies":[{"name":"wp","href":"https:\/\/api.w.org\/{rel}","templated":true}]}}