{"id":695,"date":"2020-07-30T15:36:59","date_gmt":"2020-07-30T18:36:59","guid":{"rendered":"https:\/\/comprenowhats.com.br\/anacaprimacae\/produto\/sandalia-flatform-tiras-preta-anacapri\/"},"modified":"2022-05-18T11:19:58","modified_gmt":"2022-05-18T14:19:58","slug":"sandalia-flatform-tiras-preta-anacapri","status":"publish","type":"product","link":"https:\/\/comprenowhats.com.br\/anacaprimacae\/produto\/sandalia-flatform-tiras-preta-anacapri\/","title":{"rendered":"Sand\u00e1lia Flatform Tiras Preta | Anacapri"},"content":{"rendered":"<p>Confort\u00e1vel, easy e chic! Com solado plataforma todinho revestido com textura natural e uma charmosa amarra\u00e7\u00e3o em la\u00e7o, essa sand\u00e1lia conta ainda com tiras finas de material com toque acamur\u00e7ado &#8211; uma del\u00edcia de vestir e um arraso para estar sob os holofotes! Nem precisamos dizer que ela vai com seu guarda-roupa todinho, n\u00e9? Aposte!<\/p>\n<div style='text-align: center'><\/div>\n<p>* Entre em contato por WhatsApp para verificar a disponibilidade do produto. Ref.: C3016200080004<\/p>\n","protected":false},"excerpt":{"rendered":"<p>Estoque indispon\u00edvel.<br \/><small>atualizado em 18\/05\/2022.<\/p>\n","protected":false},"featured_media":694,"template":"","meta":[],"product_cat":[29],"product_tag":[22],"_links":{"self":[{"href":"https:\/\/comprenowhats.com.br\/anacaprimacae\/wp-json\/wp\/v2\/product\/695"}],"collection":[{"href":"https:\/\/comprenowhats.com.br\/anacaprimacae\/wp-json\/wp\/v2\/product"}],"about":[{"href":"https:\/\/comprenowhats.com.br\/anacaprimacae\/wp-json\/wp\/v2\/types\/product"}],"wp:featuredmedia":[{"embeddable":true,"href":"https:\/\/comprenowhats.com.br\/anacaprimacae\/wp-json\/wp\/v2\/media\/694"}],"wp:attachment":[{"href":"https:\/\/comprenowhats.com.br\/anacaprimacae\/wp-json\/wp\/v2\/media?parent=695"}],"wp:term":[{"taxonomy":"product_cat","embeddable":true,"href":"https:\/\/comprenowhats.com.br\/anacaprimacae\/wp-json\/wp\/v2\/product_cat?post=695"},{"taxonomy":"product_tag","embeddable":true,"href":"https:\/\/comprenowhats.com.br\/anacaprimacae\/wp-json\/wp\/v2\/product_tag?post=695"}],"curies":[{"name":"wp","href":"https:\/\/api.w.org\/{rel}","templated":true}]}}