{"id":693,"date":"2020-07-30T15:36:56","date_gmt":"2020-07-30T18:36:56","guid":{"rendered":"https:\/\/comprenowhats.com.br\/anacaprimacae\/produto\/rasteira-preta-neo-essenciais-anacapri\/"},"modified":"2022-05-18T11:20:03","modified_gmt":"2022-05-18T14:20:03","slug":"rasteira-preta-neo-essenciais-anacapri","status":"publish","type":"product","link":"https:\/\/comprenowhats.com.br\/anacaprimacae\/produto\/rasteira-preta-neo-essenciais-anacapri\/","title":{"rendered":"Rasteira Preta Neo Essenciais | Anacapri"},"content":{"rendered":"<p>As linhas minimalistas da flat v\u00e3o deixar seu p\u00e9 \u00e0 mostra da forma mais chic&amp;poderosa j\u00e1 vista! Com tira m\u00e9dia no peito do p\u00e9 e finas no calcanhar, o modelo fica ainda mais elegante com o mix de acabamentos fosco e brilhoso &#8211; ah, sem falar dos detalhes em metal dourado que adicionam ainda mais glamour a pe\u00e7a. Descomplicadora dos looks e da vida real oficial! Se joga, linda!<\/p>\n<div style='text-align: center'><\/div>\n<p>* Entre em contato por WhatsApp para verificar a disponibilidade do produto. Ref.: C3015700190005<\/p>\n","protected":false},"excerpt":{"rendered":"<p>Estoque indispon\u00edvel.<br \/><small>atualizado em 18\/05\/2022.<\/p>\n","protected":false},"featured_media":692,"template":"","meta":[],"product_cat":[30],"product_tag":[25],"_links":{"self":[{"href":"https:\/\/comprenowhats.com.br\/anacaprimacae\/wp-json\/wp\/v2\/product\/693"}],"collection":[{"href":"https:\/\/comprenowhats.com.br\/anacaprimacae\/wp-json\/wp\/v2\/product"}],"about":[{"href":"https:\/\/comprenowhats.com.br\/anacaprimacae\/wp-json\/wp\/v2\/types\/product"}],"wp:featuredmedia":[{"embeddable":true,"href":"https:\/\/comprenowhats.com.br\/anacaprimacae\/wp-json\/wp\/v2\/media\/692"}],"wp:attachment":[{"href":"https:\/\/comprenowhats.com.br\/anacaprimacae\/wp-json\/wp\/v2\/media?parent=693"}],"wp:term":[{"taxonomy":"product_cat","embeddable":true,"href":"https:\/\/comprenowhats.com.br\/anacaprimacae\/wp-json\/wp\/v2\/product_cat?post=693"},{"taxonomy":"product_tag","embeddable":true,"href":"https:\/\/comprenowhats.com.br\/anacaprimacae\/wp-json\/wp\/v2\/product_tag?post=693"}],"curies":[{"name":"wp","href":"https:\/\/api.w.org\/{rel}","templated":true}]}}