{"id":689,"date":"2020-07-30T15:36:50","date_gmt":"2020-07-30T18:36:50","guid":{"rendered":"https:\/\/comprenowhats.com.br\/anacaprimacae\/produto\/tenis-dani-craquelure-rose\/"},"modified":"2022-05-18T11:19:57","modified_gmt":"2022-05-18T14:19:57","slug":"tenis-dani-craquelure-rose","status":"publish","type":"product","link":"https:\/\/comprenowhats.com.br\/anacaprimacae\/produto\/tenis-dani-craquelure-rose\/","title":{"rendered":"T\u00eanis Dani Craquelure Rose"},"content":{"rendered":"<div>Marca registrada dos anos 70 e 80, os met\u00e1licos trazem modernidade, eleg\u00e2ncia e conforto aos looks, al\u00e9m de apresentarem uma pegada futurista, que faz qualquer produ\u00e7\u00e3o b\u00e1sica ganhar mais atitude e identidade. O metalizado junto do t\u00eanis com plataforma atinge o \u00e1pice do estilo, e ajuda a levantar qualquer look. T\u00e1 esperando o que para ter um para chamar de seu?<\/p>\n<div style='text-align: center'><img src='https:\/\/secure-static.anacapri.com.br\/medias\/sys_master\/anacapri\/anacapri\/h81\/h9b\/h00\/h00\/9555651461150\/3014000010037U-04-BASEIMAGE-Midres.jpg' style='max-height: 400px' \/><img src='https:\/\/secure-static.anacapri.com.br\/medias\/sys_master\/anacapri\/anacapri\/ha3\/h04\/h00\/h00\/9555651788830\/3014000010037U-05-BASEIMAGE-Midres.jpg' style='max-height: 400px' \/><img src='https:\/\/secure-static.anacapri.com.br\/medias\/sys_master\/anacapri\/anacapri\/h23\/hba\/h00\/h00\/9555652444190\/3014000010037U-06-BASEIMAGE-Midres.jpg' style='max-height: 400px' \/><\/div>\n<p>* Entre em contato por WhatsApp para verificar a disponibilidade do produto. Ref.: C3014000010037<\/p>\n","protected":false},"excerpt":{"rendered":"<p>Estoque indispon\u00edvel.<br \/><small>atualizado em 18\/05\/2022.<\/p>\n","protected":false},"featured_media":688,"template":"","meta":[],"product_cat":[31],"product_tag":[25],"_links":{"self":[{"href":"https:\/\/comprenowhats.com.br\/anacaprimacae\/wp-json\/wp\/v2\/product\/689"}],"collection":[{"href":"https:\/\/comprenowhats.com.br\/anacaprimacae\/wp-json\/wp\/v2\/product"}],"about":[{"href":"https:\/\/comprenowhats.com.br\/anacaprimacae\/wp-json\/wp\/v2\/types\/product"}],"wp:featuredmedia":[{"embeddable":true,"href":"https:\/\/comprenowhats.com.br\/anacaprimacae\/wp-json\/wp\/v2\/media\/688"}],"wp:attachment":[{"href":"https:\/\/comprenowhats.com.br\/anacaprimacae\/wp-json\/wp\/v2\/media?parent=689"}],"wp:term":[{"taxonomy":"product_cat","embeddable":true,"href":"https:\/\/comprenowhats.com.br\/anacaprimacae\/wp-json\/wp\/v2\/product_cat?post=689"},{"taxonomy":"product_tag","embeddable":true,"href":"https:\/\/comprenowhats.com.br\/anacaprimacae\/wp-json\/wp\/v2\/product_tag?post=689"}],"curies":[{"name":"wp","href":"https:\/\/api.w.org\/{rel}","templated":true}]}}