{"id":685,"date":"2020-07-30T15:36:48","date_gmt":"2020-07-30T18:36:48","guid":{"rendered":"https:\/\/comprenowhats.com.br\/anacaprimacae\/produto\/tenis-dani-baby-snake-branco-anacapri\/"},"modified":"2022-11-08T10:54:59","modified_gmt":"2022-11-08T13:54:59","slug":"tenis-dani-baby-snake-branco-anacapri","status":"publish","type":"product","link":"https:\/\/comprenowhats.com.br\/anacaprimacae\/produto\/tenis-dani-baby-snake-branco-anacapri\/","title":{"rendered":"T\u00eanis Dani Baby Snake Branco | Anacapri"},"content":{"rendered":"<p>Que o t\u00eanis \u00e9 o melhor amigo das descomplicadas a gente j\u00e1 sabe faz tempo! Com textura croco, ele veio repaginado com solado chunky e listrinha na lateral. Um mix de animal print com o mood sporty que a gente ama! Nem precisamos dizer que ele combina com todo o seu closet, n\u00e9? Arrase 365 dias por ano!<\/p>\n<div style='text-align: center'><\/div>\n<p>* Entre em contato por WhatsApp para verificar a disponibilidade do produto. Ref.: C3014000010026<\/p>\n","protected":false},"excerpt":{"rendered":"<p>Estoque dispon\u00edvel no tamanho: 34.<br \/><small>atualizado em 08\/11\/2022.<\/p>\n","protected":false},"featured_media":684,"template":"","meta":[],"product_cat":[31],"product_tag":[22],"_links":{"self":[{"href":"https:\/\/comprenowhats.com.br\/anacaprimacae\/wp-json\/wp\/v2\/product\/685"}],"collection":[{"href":"https:\/\/comprenowhats.com.br\/anacaprimacae\/wp-json\/wp\/v2\/product"}],"about":[{"href":"https:\/\/comprenowhats.com.br\/anacaprimacae\/wp-json\/wp\/v2\/types\/product"}],"wp:featuredmedia":[{"embeddable":true,"href":"https:\/\/comprenowhats.com.br\/anacaprimacae\/wp-json\/wp\/v2\/media\/684"}],"wp:attachment":[{"href":"https:\/\/comprenowhats.com.br\/anacaprimacae\/wp-json\/wp\/v2\/media?parent=685"}],"wp:term":[{"taxonomy":"product_cat","embeddable":true,"href":"https:\/\/comprenowhats.com.br\/anacaprimacae\/wp-json\/wp\/v2\/product_cat?post=685"},{"taxonomy":"product_tag","embeddable":true,"href":"https:\/\/comprenowhats.com.br\/anacaprimacae\/wp-json\/wp\/v2\/product_tag?post=685"}],"curies":[{"name":"wp","href":"https:\/\/api.w.org\/{rel}","templated":true}]}}