{"id":683,"date":"2020-07-30T15:36:45","date_gmt":"2020-07-30T18:36:45","guid":{"rendered":"https:\/\/comprenowhats.com.br\/anacaprimacae\/produto\/tenis-verde-militar-slip-on-anacapri\/"},"modified":"2022-05-18T11:33:30","modified_gmt":"2022-05-18T14:33:30","slug":"tenis-verde-militar-slip-on-anacapri","status":"publish","type":"product","link":"https:\/\/comprenowhats.com.br\/anacaprimacae\/produto\/tenis-verde-militar-slip-on-anacapri\/","title":{"rendered":"T\u00eanis Verde Militar Slip On | Anacapri"},"content":{"rendered":"<p>Todinho trabalhado no melhor mood natural, o slip on revestido em tecido texturizado em tons neutros \u00e9 aquele t\u00eanis curinga que a gente n\u00e3o cansa de amar! Nem precisamos dizer que ele vai com tudo e mais um pouco, n\u00e9? Combine com o que mais combina com VOC\u00ca! Se joga, linda!<\/p>\n<div style='text-align: center'><\/div>\n<p>* Entre em contato por WhatsApp para verificar a disponibilidade do produto. Ref.: C3013300120003<\/p>\n","protected":false},"excerpt":{"rendered":"<p>Estoque indispon\u00edvel.<br \/><small>atualizado em 18\/05\/2022.<\/p>\n","protected":false},"featured_media":682,"template":"","meta":[],"product_cat":[31],"product_tag":[21,22,23,24,25,26,27,28],"_links":{"self":[{"href":"https:\/\/comprenowhats.com.br\/anacaprimacae\/wp-json\/wp\/v2\/product\/683"}],"collection":[{"href":"https:\/\/comprenowhats.com.br\/anacaprimacae\/wp-json\/wp\/v2\/product"}],"about":[{"href":"https:\/\/comprenowhats.com.br\/anacaprimacae\/wp-json\/wp\/v2\/types\/product"}],"wp:featuredmedia":[{"embeddable":true,"href":"https:\/\/comprenowhats.com.br\/anacaprimacae\/wp-json\/wp\/v2\/media\/682"}],"wp:attachment":[{"href":"https:\/\/comprenowhats.com.br\/anacaprimacae\/wp-json\/wp\/v2\/media?parent=683"}],"wp:term":[{"taxonomy":"product_cat","embeddable":true,"href":"https:\/\/comprenowhats.com.br\/anacaprimacae\/wp-json\/wp\/v2\/product_cat?post=683"},{"taxonomy":"product_tag","embeddable":true,"href":"https:\/\/comprenowhats.com.br\/anacaprimacae\/wp-json\/wp\/v2\/product_tag?post=683"}],"curies":[{"name":"wp","href":"https:\/\/api.w.org\/{rel}","templated":true}]}}