{"id":679,"date":"2020-07-30T15:36:38","date_gmt":"2020-07-30T18:36:38","guid":{"rendered":"https:\/\/comprenowhats.com.br\/anacaprimacae\/produto\/tenis-slip-on-knit-azul-marinho\/"},"modified":"2022-05-18T11:19:56","modified_gmt":"2022-05-18T14:19:56","slug":"tenis-slip-on-knit-azul-marinho","status":"publish","type":"product","link":"https:\/\/comprenowhats.com.br\/anacaprimacae\/produto\/tenis-slip-on-knit-azul-marinho\/","title":{"rendered":"T\u00eanis Slip On Knit Azul Marinho"},"content":{"rendered":"<p>O slip on d\u00e1 match em tudo, n\u00e9? Com revestimento texturizado no cabedal e detalhes em material liso, o mestre das produ\u00e7\u00f5es descomplicadas \u00e9 f\u00e1cil, confort\u00e1vel e pr\u00e1tico &#8211; descomplicad\u00edssimo! Com tons naturais, em um estalar de dedos voc\u00ea j\u00e1 montou seu #lookdodia. Estamos prontas! E voc\u00ea?<\/p>\n<div style='text-align: center'><img src='https:\/\/secure-static.anacapri.com.br\/medias\/sys_master\/anacapri\/anacapri\/hd4\/h05\/h00\/h00\/9589900607518\/3013300070004U-04-BASEIMAGE-Midres.jpg' style='max-height: 400px' \/><img src='https:\/\/secure-static.anacapri.com.br\/medias\/sys_master\/anacapri\/anacapri\/hfb\/h9c\/h00\/h00\/9589900279838\/3013300070004U-05-BASEIMAGE-Midres.jpg' style='max-height: 400px' \/><img src='https:\/\/secure-static.anacapri.com.br\/medias\/sys_master\/anacapri\/anacapri\/h91\/hf8\/h00\/h00\/9589899952158\/3013300070004U-06-BASEIMAGE-Midres.jpg' style='max-height: 400px' \/><\/div>\n<p>* Entre em contato por WhatsApp para verificar a disponibilidade do produto. Ref.: C3013300070004<\/p>\n","protected":false},"excerpt":{"rendered":"<p>Estoque indispon\u00edvel.<br \/><small>atualizado em 18\/05\/2022.<\/p>\n","protected":false},"featured_media":678,"template":"","meta":[],"product_cat":[31],"product_tag":[21,22,23,24,25,26,27,28],"_links":{"self":[{"href":"https:\/\/comprenowhats.com.br\/anacaprimacae\/wp-json\/wp\/v2\/product\/679"}],"collection":[{"href":"https:\/\/comprenowhats.com.br\/anacaprimacae\/wp-json\/wp\/v2\/product"}],"about":[{"href":"https:\/\/comprenowhats.com.br\/anacaprimacae\/wp-json\/wp\/v2\/types\/product"}],"wp:featuredmedia":[{"embeddable":true,"href":"https:\/\/comprenowhats.com.br\/anacaprimacae\/wp-json\/wp\/v2\/media\/678"}],"wp:attachment":[{"href":"https:\/\/comprenowhats.com.br\/anacaprimacae\/wp-json\/wp\/v2\/media?parent=679"}],"wp:term":[{"taxonomy":"product_cat","embeddable":true,"href":"https:\/\/comprenowhats.com.br\/anacaprimacae\/wp-json\/wp\/v2\/product_cat?post=679"},{"taxonomy":"product_tag","embeddable":true,"href":"https:\/\/comprenowhats.com.br\/anacaprimacae\/wp-json\/wp\/v2\/product_tag?post=679"}],"curies":[{"name":"wp","href":"https:\/\/api.w.org\/{rel}","templated":true}]}}