{"id":677,"date":"2020-07-30T15:36:36","date_gmt":"2020-07-30T18:36:36","guid":{"rendered":"https:\/\/comprenowhats.com.br\/anacaprimacae\/produto\/tenis-paula-slip-on-mel\/"},"modified":"2022-05-18T11:19:55","modified_gmt":"2022-05-18T14:19:55","slug":"tenis-paula-slip-on-mel","status":"publish","type":"product","link":"https:\/\/comprenowhats.com.br\/anacaprimacae\/produto\/tenis-paula-slip-on-mel\/","title":{"rendered":"T\u00eanis Paula Slip On Mel"},"content":{"rendered":"<p>O modelo cl\u00e1ssico de slip on ganhou um upgrade fashion com os detalhes em tom natural e pespontos. Como n\u00e3o tem cadar\u00e7os, \u00e9 mega pr\u00e1tico e descomplicado &#8211; como s\u00f3 ele consegue ser! Perfeito para criar produ\u00e7\u00f5es supercool com saias e vestidos fluidos e deixar ainda mais descolado o look camisa + jeans. Se joga!<\/p>\n<div style='text-align: center'><img src='https:\/\/secure-static.anacapri.com.br\/medias\/sys_master\/anacapri\/anacapri\/haf\/h47\/h00\/h00\/9589642264606\/3013300020022U-04-BASEIMAGE-Midres.jpg' style='max-height: 400px' \/><img src='https:\/\/secure-static.anacapri.com.br\/medias\/sys_master\/anacapri\/anacapri\/hf3\/h1b\/h00\/h00\/9589641936926\/3013300020022U-05-BASEIMAGE-Midres.jpg' style='max-height: 400px' \/><img src='https:\/\/secure-static.anacapri.com.br\/medias\/sys_master\/anacapri\/anacapri\/h3c\/h42\/h00\/h00\/9589641609246\/3013300020022U-06-BASEIMAGE-Midres.jpg' style='max-height: 400px' \/><\/div>\n<p>* Entre em contato por WhatsApp para verificar a disponibilidade do produto. Ref.: C3013300020022<\/p>\n","protected":false},"excerpt":{"rendered":"<p>Estoque indispon\u00edvel.<br \/><small>atualizado em 18\/05\/2022.<\/p>\n","protected":false},"featured_media":676,"template":"","meta":[],"product_cat":[31],"product_tag":[21,22,23,24,25,26,27,28],"_links":{"self":[{"href":"https:\/\/comprenowhats.com.br\/anacaprimacae\/wp-json\/wp\/v2\/product\/677"}],"collection":[{"href":"https:\/\/comprenowhats.com.br\/anacaprimacae\/wp-json\/wp\/v2\/product"}],"about":[{"href":"https:\/\/comprenowhats.com.br\/anacaprimacae\/wp-json\/wp\/v2\/types\/product"}],"wp:featuredmedia":[{"embeddable":true,"href":"https:\/\/comprenowhats.com.br\/anacaprimacae\/wp-json\/wp\/v2\/media\/676"}],"wp:attachment":[{"href":"https:\/\/comprenowhats.com.br\/anacaprimacae\/wp-json\/wp\/v2\/media?parent=677"}],"wp:term":[{"taxonomy":"product_cat","embeddable":true,"href":"https:\/\/comprenowhats.com.br\/anacaprimacae\/wp-json\/wp\/v2\/product_cat?post=677"},{"taxonomy":"product_tag","embeddable":true,"href":"https:\/\/comprenowhats.com.br\/anacaprimacae\/wp-json\/wp\/v2\/product_tag?post=677"}],"curies":[{"name":"wp","href":"https:\/\/api.w.org\/{rel}","templated":true}]}}