{"id":671,"date":"2020-07-30T15:36:29","date_gmt":"2020-07-30T18:36:29","guid":{"rendered":"https:\/\/comprenowhats.com.br\/anacaprimacae\/produto\/tenis-paula-colors-blush-anacapri\/"},"modified":"2022-05-18T11:19:55","modified_gmt":"2022-05-18T14:19:55","slug":"tenis-paula-colors-blush-anacapri","status":"publish","type":"product","link":"https:\/\/comprenowhats.com.br\/anacaprimacae\/produto\/tenis-paula-colors-blush-anacapri\/","title":{"rendered":"T\u00eanis Paula Colors Blush | Anacapri"},"content":{"rendered":"<p>T\u00eanis branco? Amamos! Com refer\u00eancias retr\u00f4? Mais ainda! Com shape slim e detalhes coloridos, esse modelo \u00e9 o descomplicador de looks real oficial nos 365 dias do ano de toda fashion girl. D\u00ea um toque esportivo para looks s\u00e9rios com alfaiataria e finalize o combo jeans+camiseta para uma produ\u00e7\u00e3o super descontra\u00edda. Aposte!<\/p>\n<div style='text-align: center'><\/div>\n<p>* Entre em contato por WhatsApp para verificar a disponibilidade do produto. Ref.: C3013300010007<\/p>\n","protected":false},"excerpt":{"rendered":"<p>Estoque indispon\u00edvel.<br \/><small>atualizado em 18\/05\/2022.<\/p>\n","protected":false},"featured_media":670,"template":"","meta":[],"product_cat":[31],"product_tag":[21,23,24,26,27],"_links":{"self":[{"href":"https:\/\/comprenowhats.com.br\/anacaprimacae\/wp-json\/wp\/v2\/product\/671"}],"collection":[{"href":"https:\/\/comprenowhats.com.br\/anacaprimacae\/wp-json\/wp\/v2\/product"}],"about":[{"href":"https:\/\/comprenowhats.com.br\/anacaprimacae\/wp-json\/wp\/v2\/types\/product"}],"wp:featuredmedia":[{"embeddable":true,"href":"https:\/\/comprenowhats.com.br\/anacaprimacae\/wp-json\/wp\/v2\/media\/670"}],"wp:attachment":[{"href":"https:\/\/comprenowhats.com.br\/anacaprimacae\/wp-json\/wp\/v2\/media?parent=671"}],"wp:term":[{"taxonomy":"product_cat","embeddable":true,"href":"https:\/\/comprenowhats.com.br\/anacaprimacae\/wp-json\/wp\/v2\/product_cat?post=671"},{"taxonomy":"product_tag","embeddable":true,"href":"https:\/\/comprenowhats.com.br\/anacaprimacae\/wp-json\/wp\/v2\/product_tag?post=671"}],"curies":[{"name":"wp","href":"https:\/\/api.w.org\/{rel}","templated":true}]}}