{"id":669,"date":"2020-07-30T15:36:26","date_gmt":"2020-07-30T18:36:26","guid":{"rendered":"https:\/\/comprenowhats.com.br\/anacaprimacae\/produto\/tenis-paula-sola-alta-mel\/"},"modified":"2022-05-18T11:19:59","modified_gmt":"2022-05-18T14:19:59","slug":"tenis-paula-sola-alta-mel","status":"publish","type":"product","link":"https:\/\/comprenowhats.com.br\/anacaprimacae\/produto\/tenis-paula-sola-alta-mel\/","title":{"rendered":"T\u00eanis Paula Sola Alta Mel"},"content":{"rendered":"<p>O t\u00eanis \u00e9 um \u00edcone fashion absoluto! Nessa vers\u00e3o flatform, ele promete transformar e descomplicar o seu dia-a-dia ainda mais, unindo praticidade e conforto a um modelo que \u00e9 hit do street style h\u00e1 muitas temporadas. Como n\u00e3o amar? A gente aposta que vai ser dif\u00edcil tir\u00e1-lo do p\u00e9! Se joga!<\/p>\n<div style='text-align: center'><img src='https:\/\/secure-static.anacapri.com.br\/medias\/sys_master\/anacapri\/anacapri\/hab\/h16\/h00\/h00\/9589745549342\/3011500240004U-04-BASEIMAGE-Midres.jpg' style='max-height: 400px' \/><img src='https:\/\/secure-static.anacapri.com.br\/medias\/sys_master\/anacapri\/anacapri\/hb0\/ha4\/h00\/h00\/9589745221662\/3011500240004U-05-BASEIMAGE-Midres.jpg' style='max-height: 400px' \/><img src='https:\/\/secure-static.anacapri.com.br\/medias\/sys_master\/anacapri\/anacapri\/h2c\/h12\/h00\/h00\/9589744893982\/3011500240004U-06-BASEIMAGE-Midres.jpg' style='max-height: 400px' \/><\/div>\n<p>* Entre em contato por WhatsApp para verificar a disponibilidade do produto. Ref.: C3011500240004<\/p>\n","protected":false},"excerpt":{"rendered":"<p>Estoque indispon\u00edvel.<br \/><small>atualizado em 18\/05\/2022.<\/p>\n","protected":false},"featured_media":668,"template":"","meta":[],"product_cat":[31],"product_tag":[25,26,27],"_links":{"self":[{"href":"https:\/\/comprenowhats.com.br\/anacaprimacae\/wp-json\/wp\/v2\/product\/669"}],"collection":[{"href":"https:\/\/comprenowhats.com.br\/anacaprimacae\/wp-json\/wp\/v2\/product"}],"about":[{"href":"https:\/\/comprenowhats.com.br\/anacaprimacae\/wp-json\/wp\/v2\/types\/product"}],"wp:featuredmedia":[{"embeddable":true,"href":"https:\/\/comprenowhats.com.br\/anacaprimacae\/wp-json\/wp\/v2\/media\/668"}],"wp:attachment":[{"href":"https:\/\/comprenowhats.com.br\/anacaprimacae\/wp-json\/wp\/v2\/media?parent=669"}],"wp:term":[{"taxonomy":"product_cat","embeddable":true,"href":"https:\/\/comprenowhats.com.br\/anacaprimacae\/wp-json\/wp\/v2\/product_cat?post=669"},{"taxonomy":"product_tag","embeddable":true,"href":"https:\/\/comprenowhats.com.br\/anacaprimacae\/wp-json\/wp\/v2\/product_tag?post=669"}],"curies":[{"name":"wp","href":"https:\/\/api.w.org\/{rel}","templated":true}]}}