{"id":665,"date":"2020-07-30T15:36:20","date_gmt":"2020-07-30T18:36:20","guid":{"rendered":"https:\/\/comprenowhats.com.br\/anacaprimacae\/produto\/tenis-vivi-rosa-antik-anacapri\/"},"modified":"2022-05-18T11:33:20","modified_gmt":"2022-05-18T14:33:20","slug":"tenis-vivi-rosa-antik-anacapri","status":"publish","type":"product","link":"https:\/\/comprenowhats.com.br\/anacaprimacae\/produto\/tenis-vivi-rosa-antik-anacapri\/","title":{"rendered":"T\u00eanis Vivi Rosa Antik | Anacapri"},"content":{"rendered":"<p>T\u00eanis esportivo? T\u00eanis futurista? T\u00eanis Minimalista? T\u00eanis artsy? T\u00eanis para usar no trabalho? N\u00e3o importa. Se voc\u00ea marcou uma ou mais das alternativas acima essa \u00e9 a pe\u00e7a. O contraste entre o solado branco e o cabedal preto &#8211; sendo complementado pelo tecido duplo cruzado sobre o p\u00e9 \u00e9 definitivamente uma certeza: vai com qualquer look!<\/p>\n<div style='text-align: center'><\/div>\n<p>* Entre em contato por WhatsApp para verificar a disponibilidade do produto. Ref.: C3009600210007<\/p>\n","protected":false},"excerpt":{"rendered":"<p>Estoque indispon\u00edvel.<br \/><small>atualizado em 18\/05\/2022.<\/p>\n","protected":false},"featured_media":664,"template":"","meta":[],"product_cat":[31],"product_tag":[22],"_links":{"self":[{"href":"https:\/\/comprenowhats.com.br\/anacaprimacae\/wp-json\/wp\/v2\/product\/665"}],"collection":[{"href":"https:\/\/comprenowhats.com.br\/anacaprimacae\/wp-json\/wp\/v2\/product"}],"about":[{"href":"https:\/\/comprenowhats.com.br\/anacaprimacae\/wp-json\/wp\/v2\/types\/product"}],"wp:featuredmedia":[{"embeddable":true,"href":"https:\/\/comprenowhats.com.br\/anacaprimacae\/wp-json\/wp\/v2\/media\/664"}],"wp:attachment":[{"href":"https:\/\/comprenowhats.com.br\/anacaprimacae\/wp-json\/wp\/v2\/media?parent=665"}],"wp:term":[{"taxonomy":"product_cat","embeddable":true,"href":"https:\/\/comprenowhats.com.br\/anacaprimacae\/wp-json\/wp\/v2\/product_cat?post=665"},{"taxonomy":"product_tag","embeddable":true,"href":"https:\/\/comprenowhats.com.br\/anacaprimacae\/wp-json\/wp\/v2\/product_tag?post=665"}],"curies":[{"name":"wp","href":"https:\/\/api.w.org\/{rel}","templated":true}]}}