{"id":661,"date":"2020-07-30T15:36:14","date_gmt":"2020-07-30T18:36:14","guid":{"rendered":"https:\/\/comprenowhats.com.br\/anacaprimacae\/produto\/sapatilha-amarracao-preta\/"},"modified":"2022-05-18T11:19:53","modified_gmt":"2022-05-18T14:19:53","slug":"sapatilha-amarracao-preta","status":"publish","type":"product","link":"https:\/\/comprenowhats.com.br\/anacaprimacae\/produto\/sapatilha-amarracao-preta\/","title":{"rendered":"Sapatilha Amarra\u00e7\u00e3o Preta"},"content":{"rendered":"<p>Cl\u00e1ssico \u00e9 cl\u00e1ssico, n\u00e9 amores? A sapatilha com amarra\u00e7\u00e3o no peito do p\u00e9 \u00e9 a garantia de produ\u00e7\u00f5es alinhadas e \u00e0 prova de tend\u00eancias. Combine com jeans boyfriend, terninhos de alfaiataria e ouse naquele look com pe\u00e7as em moletom. Chic sem esfor\u00e7o!<\/p>\n<div style='text-align: center'><img src='https:\/\/secure-static.anacapri.com.br\/medias\/sys_master\/anacapri\/anacapri\/h39\/h53\/h00\/h00\/9589819080734\/3007800990001U-04-BASEIMAGE-Midres.jpg' style='max-height: 400px' \/><img src='https:\/\/secure-static.anacapri.com.br\/medias\/sys_master\/anacapri\/anacapri\/h15\/h09\/h00\/h00\/9589818753054\/3007800990001U-05-BASEIMAGE-Midres.jpg' style='max-height: 400px' \/><img src='https:\/\/secure-static.anacapri.com.br\/medias\/sys_master\/anacapri\/anacapri\/hab\/h58\/h00\/h00\/9589818425374\/3007800990001U-06-BASEIMAGE-Midres.jpg' style='max-height: 400px' \/><\/div>\n<p>* Entre em contato por WhatsApp para verificar a disponibilidade do produto. Ref.: C3007800990001<\/p>\n","protected":false},"excerpt":{"rendered":"<p>Estoque indispon\u00edvel.<br \/><small>atualizado em 18\/05\/2022.<\/p>\n","protected":false},"featured_media":660,"template":"","meta":[],"product_cat":[20],"product_tag":[21,22,23,24,25,26,27],"_links":{"self":[{"href":"https:\/\/comprenowhats.com.br\/anacaprimacae\/wp-json\/wp\/v2\/product\/661"}],"collection":[{"href":"https:\/\/comprenowhats.com.br\/anacaprimacae\/wp-json\/wp\/v2\/product"}],"about":[{"href":"https:\/\/comprenowhats.com.br\/anacaprimacae\/wp-json\/wp\/v2\/types\/product"}],"wp:featuredmedia":[{"embeddable":true,"href":"https:\/\/comprenowhats.com.br\/anacaprimacae\/wp-json\/wp\/v2\/media\/660"}],"wp:attachment":[{"href":"https:\/\/comprenowhats.com.br\/anacaprimacae\/wp-json\/wp\/v2\/media?parent=661"}],"wp:term":[{"taxonomy":"product_cat","embeddable":true,"href":"https:\/\/comprenowhats.com.br\/anacaprimacae\/wp-json\/wp\/v2\/product_cat?post=661"},{"taxonomy":"product_tag","embeddable":true,"href":"https:\/\/comprenowhats.com.br\/anacaprimacae\/wp-json\/wp\/v2\/product_tag?post=661"}],"curies":[{"name":"wp","href":"https:\/\/api.w.org\/{rel}","templated":true}]}}