{"id":653,"date":"2020-07-30T15:36:06","date_gmt":"2020-07-30T18:36:06","guid":{"rendered":"https:\/\/comprenowhats.com.br\/anacaprimacae\/produto\/mule-bridao-preta-anacapri\/"},"modified":"2022-05-18T11:33:27","modified_gmt":"2022-05-18T14:33:27","slug":"mule-bridao-preta-anacapri","status":"publish","type":"product","link":"https:\/\/comprenowhats.com.br\/anacaprimacae\/produto\/mule-bridao-preta-anacapri\/","title":{"rendered":"Mule Brid\u00e3o Preta | Anacapri"},"content":{"rendered":"<p>Confeccionada em diferentes tons neutros e vers\u00e1teis a mule traz o charmoso detalhe inspirado no brid\u00e3o sobre o cabedal. O pequeno salto traz um ar mais elegante para a produ\u00e7\u00e3o. Alongue a silhueta com cal\u00e7as de comprimentos mais curtos e se quiser quebrar o mood ?formal? v\u00e1 de jeans!<\/p>\n<div style='text-align: center'><\/div>\n<p>* Entre em contato por WhatsApp para verificar a disponibilidade do produto. Ref.: C3007500520003<\/p>\n","protected":false},"excerpt":{"rendered":"<p>Estoque indispon\u00edvel.<br \/><small>atualizado em 18\/05\/2022.<\/p>\n","protected":false},"featured_media":652,"template":"","meta":[],"product_cat":[34],"product_tag":[23,24],"_links":{"self":[{"href":"https:\/\/comprenowhats.com.br\/anacaprimacae\/wp-json\/wp\/v2\/product\/653"}],"collection":[{"href":"https:\/\/comprenowhats.com.br\/anacaprimacae\/wp-json\/wp\/v2\/product"}],"about":[{"href":"https:\/\/comprenowhats.com.br\/anacaprimacae\/wp-json\/wp\/v2\/types\/product"}],"wp:featuredmedia":[{"embeddable":true,"href":"https:\/\/comprenowhats.com.br\/anacaprimacae\/wp-json\/wp\/v2\/media\/652"}],"wp:attachment":[{"href":"https:\/\/comprenowhats.com.br\/anacaprimacae\/wp-json\/wp\/v2\/media?parent=653"}],"wp:term":[{"taxonomy":"product_cat","embeddable":true,"href":"https:\/\/comprenowhats.com.br\/anacaprimacae\/wp-json\/wp\/v2\/product_cat?post=653"},{"taxonomy":"product_tag","embeddable":true,"href":"https:\/\/comprenowhats.com.br\/anacaprimacae\/wp-json\/wp\/v2\/product_tag?post=653"}],"curies":[{"name":"wp","href":"https:\/\/api.w.org\/{rel}","templated":true}]}}