{"id":647,"date":"2020-07-30T15:36:01","date_gmt":"2020-07-30T18:36:01","guid":{"rendered":"https:\/\/comprenowhats.com.br\/anacaprimacae\/produto\/tenis-gabi-nobuck-verde-militar-anacapri\/"},"modified":"2022-05-18T11:19:44","modified_gmt":"2022-05-18T14:19:44","slug":"tenis-gabi-nobuck-verde-militar-anacapri","status":"publish","type":"product","link":"https:\/\/comprenowhats.com.br\/anacaprimacae\/produto\/tenis-gabi-nobuck-verde-militar-anacapri\/","title":{"rendered":"T\u00eanis Gabi Nobuck Verde Militar | Anacapri"},"content":{"rendered":"<p>Que o t\u00eanis plataforma \u00e9 o melhor dos dois mundos n\u00f3s sabemos: conforto do cl\u00e1ssico + estilo da flatform. Tudo isso deixa o cal\u00e7ado super fashionista &#8211; mas n\u00e3o se engane ele tamb\u00e9m \u00e9 feito para usar, caminhar, batalhar e arrasar! Perfeito para qualquer situa\u00e7\u00e3o. Aposte!<\/p>\n<div style='text-align: center'><\/div>\n<p>* Entre em contato por WhatsApp para verificar a disponibilidade do produto. Ref.: C3006000010034<\/p>\n","protected":false},"excerpt":{"rendered":"<p>Estoque indispon\u00edvel.<br \/><small>atualizado em 18\/05\/2022.<\/p>\n","protected":false},"featured_media":646,"template":"","meta":[],"product_cat":[31],"product_tag":[23,24],"_links":{"self":[{"href":"https:\/\/comprenowhats.com.br\/anacaprimacae\/wp-json\/wp\/v2\/product\/647"}],"collection":[{"href":"https:\/\/comprenowhats.com.br\/anacaprimacae\/wp-json\/wp\/v2\/product"}],"about":[{"href":"https:\/\/comprenowhats.com.br\/anacaprimacae\/wp-json\/wp\/v2\/types\/product"}],"wp:featuredmedia":[{"embeddable":true,"href":"https:\/\/comprenowhats.com.br\/anacaprimacae\/wp-json\/wp\/v2\/media\/646"}],"wp:attachment":[{"href":"https:\/\/comprenowhats.com.br\/anacaprimacae\/wp-json\/wp\/v2\/media?parent=647"}],"wp:term":[{"taxonomy":"product_cat","embeddable":true,"href":"https:\/\/comprenowhats.com.br\/anacaprimacae\/wp-json\/wp\/v2\/product_cat?post=647"},{"taxonomy":"product_tag","embeddable":true,"href":"https:\/\/comprenowhats.com.br\/anacaprimacae\/wp-json\/wp\/v2\/product_tag?post=647"}],"curies":[{"name":"wp","href":"https:\/\/api.w.org\/{rel}","templated":true}]}}