{"id":645,"date":"2020-07-30T15:35:59","date_gmt":"2020-07-30T18:35:59","guid":{"rendered":"https:\/\/comprenowhats.com.br\/anacaprimacae\/produto\/sapatilha-bege-mel-neo-essenciais-anacapri\/"},"modified":"2022-05-18T11:19:50","modified_gmt":"2022-05-18T14:19:50","slug":"sapatilha-bege-mel-neo-essenciais-anacapri","status":"publish","type":"product","link":"https:\/\/comprenowhats.com.br\/anacaprimacae\/produto\/sapatilha-bege-mel-neo-essenciais-anacapri\/","title":{"rendered":"Sapatilha Bege Mel Neo Essenciais | Anacapri"},"content":{"rendered":"<p>Anacapri tem o orgulho de apresentar? ESSA SAPATILHA BAPHO. Com bico levemente arredondado e decote ondulado ela \u00e9 perfeita para deixar o p\u00e9 coberto de uma forma chic&amp;elegant\u00e9rrima &#8211; ainda mais com as tiras estilo cadar\u00e7o e detalhes em metal dourado no calcanhar. E, pra finalizar, nem precisamos dizer o quando ela \u00e9 confort\u00e1vel, n\u00e9 amores? Descomplicad\u00edssima!<\/p>\n<div style='text-align: center'><\/div>\n<p>* Entre em contato por WhatsApp para verificar a disponibilidade do produto. Ref.: C3002902620004<\/p>\n","protected":false},"excerpt":{"rendered":"<p>Estoque indispon\u00edvel.<br \/><small>atualizado em 18\/05\/2022.<\/p>\n","protected":false},"featured_media":644,"template":"","meta":[],"product_cat":[20],"product_tag":[22,23],"_links":{"self":[{"href":"https:\/\/comprenowhats.com.br\/anacaprimacae\/wp-json\/wp\/v2\/product\/645"}],"collection":[{"href":"https:\/\/comprenowhats.com.br\/anacaprimacae\/wp-json\/wp\/v2\/product"}],"about":[{"href":"https:\/\/comprenowhats.com.br\/anacaprimacae\/wp-json\/wp\/v2\/types\/product"}],"wp:featuredmedia":[{"embeddable":true,"href":"https:\/\/comprenowhats.com.br\/anacaprimacae\/wp-json\/wp\/v2\/media\/644"}],"wp:attachment":[{"href":"https:\/\/comprenowhats.com.br\/anacaprimacae\/wp-json\/wp\/v2\/media?parent=645"}],"wp:term":[{"taxonomy":"product_cat","embeddable":true,"href":"https:\/\/comprenowhats.com.br\/anacaprimacae\/wp-json\/wp\/v2\/product_cat?post=645"},{"taxonomy":"product_tag","embeddable":true,"href":"https:\/\/comprenowhats.com.br\/anacaprimacae\/wp-json\/wp\/v2\/product_tag?post=645"}],"curies":[{"name":"wp","href":"https:\/\/api.w.org\/{rel}","templated":true}]}}