{"id":643,"date":"2020-07-30T15:35:55","date_gmt":"2020-07-30T18:35:55","guid":{"rendered":"https:\/\/comprenowhats.com.br\/anacaprimacae\/produto\/sapatilha-preta-slingback-anacapri\/"},"modified":"2022-05-18T11:19:51","modified_gmt":"2022-05-18T14:19:51","slug":"sapatilha-preta-slingback-anacapri","status":"publish","type":"product","link":"https:\/\/comprenowhats.com.br\/anacaprimacae\/produto\/sapatilha-preta-slingback-anacapri\/","title":{"rendered":"Sapatilha Preta Slingback | Anacapri"},"content":{"rendered":"<p>Com modelagem super cl\u00e1ssica e \u00e0 prova de tend\u00eancias, a sapatilha com bico fino, decote arredondado e calcanhar \u00e0 mostra \u00e9 um item indispens\u00e1vel para as descomplicadas que amam um look easy chic. Perfeita para combinar com alfaiataria, brincar com visuais tomboy e arrasar naquela produ rom\u00e2ntica. Pronta para desfilar por a\u00ed como uma francesinha tr\u00e8 chic? Se joga!<\/p>\n<div style='text-align: center'><\/div>\n<p>* Entre em contato por WhatsApp para verificar a disponibilidade do produto. Ref.: C3002902650006<\/p>\n","protected":false},"excerpt":{"rendered":"<p>Estoque indispon\u00edvel.<br \/><small>atualizado em 18\/05\/2022.<\/p>\n","protected":false},"featured_media":642,"template":"","meta":[],"product_cat":[20],"product_tag":[22,23],"_links":{"self":[{"href":"https:\/\/comprenowhats.com.br\/anacaprimacae\/wp-json\/wp\/v2\/product\/643"}],"collection":[{"href":"https:\/\/comprenowhats.com.br\/anacaprimacae\/wp-json\/wp\/v2\/product"}],"about":[{"href":"https:\/\/comprenowhats.com.br\/anacaprimacae\/wp-json\/wp\/v2\/types\/product"}],"wp:featuredmedia":[{"embeddable":true,"href":"https:\/\/comprenowhats.com.br\/anacaprimacae\/wp-json\/wp\/v2\/media\/642"}],"wp:attachment":[{"href":"https:\/\/comprenowhats.com.br\/anacaprimacae\/wp-json\/wp\/v2\/media?parent=643"}],"wp:term":[{"taxonomy":"product_cat","embeddable":true,"href":"https:\/\/comprenowhats.com.br\/anacaprimacae\/wp-json\/wp\/v2\/product_cat?post=643"},{"taxonomy":"product_tag","embeddable":true,"href":"https:\/\/comprenowhats.com.br\/anacaprimacae\/wp-json\/wp\/v2\/product_tag?post=643"}],"curies":[{"name":"wp","href":"https:\/\/api.w.org\/{rel}","templated":true}]}}