{"id":641,"date":"2020-07-30T15:35:38","date_gmt":"2020-07-30T18:35:38","guid":{"rendered":"https:\/\/comprenowhats.com.br\/anacaprimacae\/produto\/mule-recorte-verniz-bege-anacapri\/"},"modified":"2022-05-18T11:19:45","modified_gmt":"2022-05-18T14:19:45","slug":"mule-recorte-verniz-bege-anacapri","status":"publish","type":"product","link":"https:\/\/comprenowhats.com.br\/anacaprimacae\/produto\/mule-recorte-verniz-bege-anacapri\/","title":{"rendered":"Mule Recorte Verniz Bege | Anacapri"},"content":{"rendered":"<p>A delicadeza em forma de flat! O mule com decote arredondado e tira no peito do p\u00e9 tem todo o mood de Dorothy moderna que caminha pelas estradas do Mundo M\u00e1gico das Fadas Descomplicadas. O brilho do verniz d\u00e1 um toque todo especial ao modelito, que \u00e9 perfeito para adicionar feminilidade para produ\u00e7\u00f5es com alfaiataria e dar mais uma pitadinha de a\u00e7\u00facar aos looks delicados e rom\u00e2nticos. Fof\u00edssima!<\/p>\n<div style='text-align: center'><\/div>\n<p>* Entre em contato por WhatsApp para verificar a disponibilidade do produto. Ref.: C3002902560001<\/p>\n","protected":false},"excerpt":{"rendered":"<p>Estoque indispon\u00edvel.<br \/><small>atualizado em 18\/05\/2022.<\/p>\n","protected":false},"featured_media":640,"template":"","meta":[],"product_cat":[34],"product_tag":[22,23],"_links":{"self":[{"href":"https:\/\/comprenowhats.com.br\/anacaprimacae\/wp-json\/wp\/v2\/product\/641"}],"collection":[{"href":"https:\/\/comprenowhats.com.br\/anacaprimacae\/wp-json\/wp\/v2\/product"}],"about":[{"href":"https:\/\/comprenowhats.com.br\/anacaprimacae\/wp-json\/wp\/v2\/types\/product"}],"wp:featuredmedia":[{"embeddable":true,"href":"https:\/\/comprenowhats.com.br\/anacaprimacae\/wp-json\/wp\/v2\/media\/640"}],"wp:attachment":[{"href":"https:\/\/comprenowhats.com.br\/anacaprimacae\/wp-json\/wp\/v2\/media?parent=641"}],"wp:term":[{"taxonomy":"product_cat","embeddable":true,"href":"https:\/\/comprenowhats.com.br\/anacaprimacae\/wp-json\/wp\/v2\/product_cat?post=641"},{"taxonomy":"product_tag","embeddable":true,"href":"https:\/\/comprenowhats.com.br\/anacaprimacae\/wp-json\/wp\/v2\/product_tag?post=641"}],"curies":[{"name":"wp","href":"https:\/\/api.w.org\/{rel}","templated":true}]}}