{"id":631,"date":"2020-07-30T15:34:53","date_gmt":"2020-07-30T18:34:53","guid":{"rendered":"https:\/\/comprenowhats.com.br\/anacaprimacae\/produto\/mule-acamurcada-amendoa\/"},"modified":"2023-08-18T11:26:51","modified_gmt":"2023-08-18T14:26:51","slug":"mule-acamurcada-amendoa","status":"publish","type":"product","link":"https:\/\/comprenowhats.com.br\/anacaprimacae\/produto\/mule-acamurcada-amendoa\/","title":{"rendered":"Mule Acamur\u00e7ada Am\u00eandoa"},"content":{"rendered":"<p>Feito de tecido acamur\u00e7ado, a mule em tom marrom-am\u00eandoa \u00e9 perfeita para looks urbanos que tenham refer\u00eancias e pegada natural. As produ\u00e7\u00f5es com jeans, tecidos artesanais, franjas e a boa e velha pegada Boho v\u00e3o ganhar um super aliado!<\/p>\n<div style='text-align: center'><img src='https:\/\/secure-static.anacapri.com.br\/medias\/sys_master\/anacapri\/anacapri\/h43\/h24\/h00\/h00\/9555672825886\/3002902500001U-04-BASEIMAGE-Midres.jpg' style='max-height: 400px' \/><img src='https:\/\/secure-static.anacapri.com.br\/medias\/sys_master\/anacapri\/anacapri\/h77\/h41\/h00\/h00\/9555671187486\/3002902500001U-05-BASEIMAGE-Midres.jpg' style='max-height: 400px' \/><img src='https:\/\/secure-static.anacapri.com.br\/medias\/sys_master\/anacapri\/anacapri\/h5f\/h3f\/h00\/h00\/9555673153566\/3002902500001U-06-BASEIMAGE-Midres.jpg' style='max-height: 400px' \/><\/div>\n<p>* Entre em contato por WhatsApp para verificar a disponibilidade do produto. Ref.: C3002902500001<\/p>\n","protected":false},"excerpt":{"rendered":"<p>Estoque dispon\u00edvel nos tamanhos: ULTIMA_ESTACAO, 34.<br \/><small>atualizado em 18\/08\/2023.<\/p>\n","protected":false},"featured_media":630,"template":"","meta":[],"product_cat":[34],"product_tag":[22,103],"_links":{"self":[{"href":"https:\/\/comprenowhats.com.br\/anacaprimacae\/wp-json\/wp\/v2\/product\/631"}],"collection":[{"href":"https:\/\/comprenowhats.com.br\/anacaprimacae\/wp-json\/wp\/v2\/product"}],"about":[{"href":"https:\/\/comprenowhats.com.br\/anacaprimacae\/wp-json\/wp\/v2\/types\/product"}],"wp:featuredmedia":[{"embeddable":true,"href":"https:\/\/comprenowhats.com.br\/anacaprimacae\/wp-json\/wp\/v2\/media\/630"}],"wp:attachment":[{"href":"https:\/\/comprenowhats.com.br\/anacaprimacae\/wp-json\/wp\/v2\/media?parent=631"}],"wp:term":[{"taxonomy":"product_cat","embeddable":true,"href":"https:\/\/comprenowhats.com.br\/anacaprimacae\/wp-json\/wp\/v2\/product_cat?post=631"},{"taxonomy":"product_tag","embeddable":true,"href":"https:\/\/comprenowhats.com.br\/anacaprimacae\/wp-json\/wp\/v2\/product_tag?post=631"}],"curies":[{"name":"wp","href":"https:\/\/api.w.org\/{rel}","templated":true}]}}