{"id":629,"date":"2020-07-30T15:34:40","date_gmt":"2020-07-30T18:34:40","guid":{"rendered":"https:\/\/comprenowhats.com.br\/anacaprimacae\/produto\/sapatilha-craquelure-rose\/"},"modified":"2022-05-18T11:19:46","modified_gmt":"2022-05-18T14:19:46","slug":"sapatilha-craquelure-rose","status":"publish","type":"product","link":"https:\/\/comprenowhats.com.br\/anacaprimacae\/produto\/sapatilha-craquelure-rose\/","title":{"rendered":"Sapatilha Craquelure Rose"},"content":{"rendered":"<p>A sapatilha \u00e9 um eterno cl\u00e1ssico do guarda-roupa feminino e preenche aquele espa\u00e7o entre o super formal do salto alto e o despojado do t\u00eanis. Um curinga real oficial! Por desempenhar esse papel t\u00e3o importante na correria do dia a dia das descomplicadas \u00e9 preciso sempre inovar &#8211; e \u00e9 a\u00ed que entra nossa lindinha com shape levemente arredondado, vazado nas laterais e calcanhar exposto. O toque especial fica por conta do revestimento met\u00e1lico craquelado, que faz esse mix de delicadeza com futurismo. Se amamos? Muito!<\/p>\n<div style='text-align: center'><img src='https:\/\/secure-static.anacapri.com.br\/medias\/sys_master\/anacapri\/anacapri\/h30\/h84\/h00\/h00\/9819937570846\/3002902510006U-05-BASEIMAGE-Midres.jpg' style='max-height: 400px' \/><img src='https:\/\/secure-static.anacapri.com.br\/medias\/sys_master\/anacapri\/anacapri\/h49\/h2c\/h00\/h00\/9819937734686\/3002902510006U-06-BASEIMAGE-Midres.jpg' style='max-height: 400px' \/><img src='https:\/\/secure-static.anacapri.com.br\/medias\/sys_master\/anacapri\/anacapri\/h2b\/h37\/h00\/h00\/9819937898526\/3002902510006U-07-BASEIMAGE-Midres.jpg' style='max-height: 400px' \/><\/div>\n<p>* Entre em contato por WhatsApp para verificar a disponibilidade do produto. Ref.: C3002902510006<\/p>\n","protected":false},"excerpt":{"rendered":"<p>Estoque indispon\u00edvel.<br \/><small>atualizado em 18\/05\/2022.<\/p>\n","protected":false},"featured_media":628,"template":"","meta":[],"product_cat":[20],"product_tag":[22,23],"_links":{"self":[{"href":"https:\/\/comprenowhats.com.br\/anacaprimacae\/wp-json\/wp\/v2\/product\/629"}],"collection":[{"href":"https:\/\/comprenowhats.com.br\/anacaprimacae\/wp-json\/wp\/v2\/product"}],"about":[{"href":"https:\/\/comprenowhats.com.br\/anacaprimacae\/wp-json\/wp\/v2\/types\/product"}],"wp:featuredmedia":[{"embeddable":true,"href":"https:\/\/comprenowhats.com.br\/anacaprimacae\/wp-json\/wp\/v2\/media\/628"}],"wp:attachment":[{"href":"https:\/\/comprenowhats.com.br\/anacaprimacae\/wp-json\/wp\/v2\/media?parent=629"}],"wp:term":[{"taxonomy":"product_cat","embeddable":true,"href":"https:\/\/comprenowhats.com.br\/anacaprimacae\/wp-json\/wp\/v2\/product_cat?post=629"},{"taxonomy":"product_tag","embeddable":true,"href":"https:\/\/comprenowhats.com.br\/anacaprimacae\/wp-json\/wp\/v2\/product_tag?post=629"}],"curies":[{"name":"wp","href":"https:\/\/api.w.org\/{rel}","templated":true}]}}