{"id":623,"date":"2020-07-30T15:32:57","date_gmt":"2020-07-30T18:32:57","guid":{"rendered":"https:\/\/comprenowhats.com.br\/anacaprimacae\/produto\/mule-tiras-blush\/"},"modified":"2022-05-18T11:19:41","modified_gmt":"2022-05-18T14:19:41","slug":"mule-tiras-blush","status":"publish","type":"product","link":"https:\/\/comprenowhats.com.br\/anacaprimacae\/produto\/mule-tiras-blush\/","title":{"rendered":"Mule Tiras Blush"},"content":{"rendered":"<p>Nossa mule com bico alongado e tiras no peito do p\u00e9 \u00e9 moderna e elegante. As charmosas e delicadas tiras agregam informa\u00e7\u00e3o de moda ao produto e adicionam estilo de sobra a produ\u00e7\u00e3o. Quem sabe n\u00e3o \u00e9 o par perfeito para o look de trabalho? E tamb\u00e9m funciona como ponto de sofistica\u00e7\u00e3o ao nosso combo favorito: jeans e T-shirt<\/p>\n<div style='text-align: center'><img src='https:\/\/secure-static.anacapri.com.br\/medias\/sys_master\/anacapri\/anacapri\/h24\/hef\/h00\/h00\/9819785691166\/3002902490004U-04-BASEIMAGE-Midres.jpg' style='max-height: 400px' \/><img src='https:\/\/secure-static.anacapri.com.br\/medias\/sys_master\/anacapri\/anacapri\/he9\/hde\/h00\/h00\/9819785855006\/3002902490004U-05-BASEIMAGE-Midres.jpg' style='max-height: 400px' \/><img src='https:\/\/secure-static.anacapri.com.br\/medias\/sys_master\/anacapri\/anacapri\/hb5\/h12\/h00\/h00\/9819786018846\/3002902490004U-06-BASEIMAGE-Midres.jpg' style='max-height: 400px' \/><\/div>\n<p>* Entre em contato por WhatsApp para verificar a disponibilidade do produto. Ref.: C3002902490004<\/p>\n","protected":false},"excerpt":{"rendered":"<p>Estoque indispon\u00edvel.<br \/><small>atualizado em 18\/05\/2022.<\/p>\n","protected":false},"featured_media":622,"template":"","meta":[],"product_cat":[34],"product_tag":[22,23],"_links":{"self":[{"href":"https:\/\/comprenowhats.com.br\/anacaprimacae\/wp-json\/wp\/v2\/product\/623"}],"collection":[{"href":"https:\/\/comprenowhats.com.br\/anacaprimacae\/wp-json\/wp\/v2\/product"}],"about":[{"href":"https:\/\/comprenowhats.com.br\/anacaprimacae\/wp-json\/wp\/v2\/types\/product"}],"wp:featuredmedia":[{"embeddable":true,"href":"https:\/\/comprenowhats.com.br\/anacaprimacae\/wp-json\/wp\/v2\/media\/622"}],"wp:attachment":[{"href":"https:\/\/comprenowhats.com.br\/anacaprimacae\/wp-json\/wp\/v2\/media?parent=623"}],"wp:term":[{"taxonomy":"product_cat","embeddable":true,"href":"https:\/\/comprenowhats.com.br\/anacaprimacae\/wp-json\/wp\/v2\/product_cat?post=623"},{"taxonomy":"product_tag","embeddable":true,"href":"https:\/\/comprenowhats.com.br\/anacaprimacae\/wp-json\/wp\/v2\/product_tag?post=623"}],"curies":[{"name":"wp","href":"https:\/\/api.w.org\/{rel}","templated":true}]}}