{"id":619,"date":"2020-07-30T15:32:21","date_gmt":"2020-07-30T18:32:21","guid":{"rendered":"https:\/\/comprenowhats.com.br\/anacaprimacae\/produto\/mule-tiras-preta\/"},"modified":"2022-05-18T11:19:40","modified_gmt":"2022-05-18T14:19:40","slug":"mule-tiras-preta","status":"publish","type":"product","link":"https:\/\/comprenowhats.com.br\/anacaprimacae\/produto\/mule-tiras-preta\/","title":{"rendered":"Mule Tiras Preta"},"content":{"rendered":"<p>Nossa mule com bico alongado e tiras no peito do p\u00e9 \u00e9 moderna e elegante. As charmosas e delicadas tiras agregam informa\u00e7\u00e3o de moda ao produto e adicionam estilo de sobra a produ\u00e7\u00e3o. Quem sabe n\u00e3o \u00e9 o par perfeito para o look de trabalho? E tamb\u00e9m funciona como ponto de sofistica\u00e7\u00e3o ao nosso combo favorito: jeans e T-shirt<\/p>\n<div style='text-align: center'><img src='https:\/\/secure-static.anacapri.com.br\/medias\/sys_master\/anacapri\/anacapri\/h41\/hf3\/h00\/h00\/9819781464094\/3002902490002U-04-BASEIMAGE-Midres.jpg' style='max-height: 400px' \/><img src='https:\/\/secure-static.anacapri.com.br\/medias\/sys_master\/anacapri\/anacapri\/hbd\/h4e\/h00\/h00\/9819781627934\/3002902490002U-05-BASEIMAGE-Midres.jpg' style='max-height: 400px' \/><img src='https:\/\/secure-static.anacapri.com.br\/medias\/sys_master\/anacapri\/anacapri\/h8e\/hae\/h00\/h00\/9819781791774\/3002902490002U-06-BASEIMAGE-Midres.jpg' style='max-height: 400px' \/><\/div>\n<p>* Entre em contato por WhatsApp para verificar a disponibilidade do produto. Ref.: C3002902490002<\/p>\n","protected":false},"excerpt":{"rendered":"<p>Estoque dispon\u00edvel no tamanho: 34.<br \/><small>atualizado em 18\/05\/2022.<\/p>\n","protected":false},"featured_media":618,"template":"","meta":[],"product_cat":[34],"product_tag":[22],"_links":{"self":[{"href":"https:\/\/comprenowhats.com.br\/anacaprimacae\/wp-json\/wp\/v2\/product\/619"}],"collection":[{"href":"https:\/\/comprenowhats.com.br\/anacaprimacae\/wp-json\/wp\/v2\/product"}],"about":[{"href":"https:\/\/comprenowhats.com.br\/anacaprimacae\/wp-json\/wp\/v2\/types\/product"}],"wp:featuredmedia":[{"embeddable":true,"href":"https:\/\/comprenowhats.com.br\/anacaprimacae\/wp-json\/wp\/v2\/media\/618"}],"wp:attachment":[{"href":"https:\/\/comprenowhats.com.br\/anacaprimacae\/wp-json\/wp\/v2\/media?parent=619"}],"wp:term":[{"taxonomy":"product_cat","embeddable":true,"href":"https:\/\/comprenowhats.com.br\/anacaprimacae\/wp-json\/wp\/v2\/product_cat?post=619"},{"taxonomy":"product_tag","embeddable":true,"href":"https:\/\/comprenowhats.com.br\/anacaprimacae\/wp-json\/wp\/v2\/product_tag?post=619"}],"curies":[{"name":"wp","href":"https:\/\/api.w.org\/{rel}","templated":true}]}}