{"id":615,"date":"2020-07-30T15:32:13","date_gmt":"2020-07-30T18:32:13","guid":{"rendered":"https:\/\/comprenowhats.com.br\/anacaprimacae\/produto\/mule-no-rosa-antik\/"},"modified":"2022-05-18T11:19:39","modified_gmt":"2022-05-18T14:19:39","slug":"mule-no-rosa-antik","status":"publish","type":"product","link":"https:\/\/comprenowhats.com.br\/anacaprimacae\/produto\/mule-no-rosa-antik\/","title":{"rendered":"Mule N\u00f3 Rosa Antik"},"content":{"rendered":"<p>Toda descomplicada que j\u00e1 usou um mule sabe como \u00e9 COMPLICADO querer usar outro cal\u00e7ado! Com bico levemente arredondado, toque aveludado e la\u00e7o desconstru\u00eddo no peito do p\u00e9, esse modelo tem o poder de transformar at\u00e9 a produ\u00e7\u00e3o mais b\u00e1sica em um look instantaneamente cool! Nem precisamos dizer que vai com tudo, n\u00e9?<\/p>\n<div style='text-align: center'><img src='https:\/\/secure-static.anacapri.com.br\/medias\/sys_master\/anacapri\/anacapri\/hcf\/hcb\/h00\/h00\/9589806039070\/3002902480005U-04-BASEIMAGE-Midres.jpg' style='max-height: 400px' \/><img src='https:\/\/secure-static.anacapri.com.br\/medias\/sys_master\/anacapri\/anacapri\/he1\/h8c\/h00\/h00\/9589805711390\/3002902480005U-05-BASEIMAGE-Midres.jpg' style='max-height: 400px' \/><img src='https:\/\/secure-static.anacapri.com.br\/medias\/sys_master\/anacapri\/anacapri\/h06\/he8\/h00\/h00\/9589805383710\/3002902480005U-06-BASEIMAGE-Midres.jpg' style='max-height: 400px' \/><\/div>\n<p>* Entre em contato por WhatsApp para verificar a disponibilidade do produto. Ref.: C3002902480005<\/p>\n","protected":false},"excerpt":{"rendered":"<p>Estoque indispon\u00edvel.<br \/><small>atualizado em 18\/05\/2022.<\/p>\n","protected":false},"featured_media":614,"template":"","meta":[],"product_cat":[34],"product_tag":[22,23,25,26,27],"_links":{"self":[{"href":"https:\/\/comprenowhats.com.br\/anacaprimacae\/wp-json\/wp\/v2\/product\/615"}],"collection":[{"href":"https:\/\/comprenowhats.com.br\/anacaprimacae\/wp-json\/wp\/v2\/product"}],"about":[{"href":"https:\/\/comprenowhats.com.br\/anacaprimacae\/wp-json\/wp\/v2\/types\/product"}],"wp:featuredmedia":[{"embeddable":true,"href":"https:\/\/comprenowhats.com.br\/anacaprimacae\/wp-json\/wp\/v2\/media\/614"}],"wp:attachment":[{"href":"https:\/\/comprenowhats.com.br\/anacaprimacae\/wp-json\/wp\/v2\/media?parent=615"}],"wp:term":[{"taxonomy":"product_cat","embeddable":true,"href":"https:\/\/comprenowhats.com.br\/anacaprimacae\/wp-json\/wp\/v2\/product_cat?post=615"},{"taxonomy":"product_tag","embeddable":true,"href":"https:\/\/comprenowhats.com.br\/anacaprimacae\/wp-json\/wp\/v2\/product_tag?post=615"}],"curies":[{"name":"wp","href":"https:\/\/api.w.org\/{rel}","templated":true}]}}