{"id":611,"date":"2020-07-30T15:32:04","date_gmt":"2020-07-30T18:32:04","guid":{"rendered":"https:\/\/comprenowhats.com.br\/anacaprimacae\/produto\/mule-no-toffee-anacapri\/"},"modified":"2022-05-18T11:19:33","modified_gmt":"2022-05-18T14:19:33","slug":"mule-no-toffee-anacapri","status":"publish","type":"product","link":"https:\/\/comprenowhats.com.br\/anacaprimacae\/produto\/mule-no-toffee-anacapri\/","title":{"rendered":"Mule N\u00f3 Toffee | Anacapri"},"content":{"rendered":"<p>Toda descomplicada que j\u00e1 usou um mule sabe como \u00e9 COMPLICADO querer usar outro cal\u00e7ado! Com bico levemente arredondado, toque aveludado e la\u00e7o desconstru\u00eddo no peito do p\u00e9, esse modelo tem o poder de transformar at\u00e9 a produ\u00e7\u00e3o mais b\u00e1sica em um look instantaneamente cool! Nem precisamos dizer que vai com tudo, n\u00e9?<\/p>\n<div style='text-align: center'><\/div>\n<p>* Entre em contato por WhatsApp para verificar a disponibilidade do produto. Ref.: C3002902480003<\/p>\n","protected":false},"excerpt":{"rendered":"<p>Estoque indispon\u00edvel.<br \/><small>atualizado em 18\/05\/2022.<\/p>\n","protected":false},"featured_media":610,"template":"","meta":[],"product_cat":[34],"product_tag":[22,23,25,26,27],"_links":{"self":[{"href":"https:\/\/comprenowhats.com.br\/anacaprimacae\/wp-json\/wp\/v2\/product\/611"}],"collection":[{"href":"https:\/\/comprenowhats.com.br\/anacaprimacae\/wp-json\/wp\/v2\/product"}],"about":[{"href":"https:\/\/comprenowhats.com.br\/anacaprimacae\/wp-json\/wp\/v2\/types\/product"}],"wp:featuredmedia":[{"embeddable":true,"href":"https:\/\/comprenowhats.com.br\/anacaprimacae\/wp-json\/wp\/v2\/media\/610"}],"wp:attachment":[{"href":"https:\/\/comprenowhats.com.br\/anacaprimacae\/wp-json\/wp\/v2\/media?parent=611"}],"wp:term":[{"taxonomy":"product_cat","embeddable":true,"href":"https:\/\/comprenowhats.com.br\/anacaprimacae\/wp-json\/wp\/v2\/product_cat?post=611"},{"taxonomy":"product_tag","embeddable":true,"href":"https:\/\/comprenowhats.com.br\/anacaprimacae\/wp-json\/wp\/v2\/product_tag?post=611"}],"curies":[{"name":"wp","href":"https:\/\/api.w.org\/{rel}","templated":true}]}}