{"id":609,"date":"2020-07-30T15:32:01","date_gmt":"2020-07-30T18:32:01","guid":{"rendered":"https:\/\/comprenowhats.com.br\/anacaprimacae\/produto\/mule-trama-rustica-nude\/"},"modified":"2022-05-18T11:19:33","modified_gmt":"2022-05-18T14:19:33","slug":"mule-trama-rustica-nude","status":"publish","type":"product","link":"https:\/\/comprenowhats.com.br\/anacaprimacae\/produto\/mule-trama-rustica-nude\/","title":{"rendered":"Mule Trama R\u00fastica Nude"},"content":{"rendered":"<p>Aquele mule que voc\u00ea n\u00e3o vai conseguir tirar do p\u00e9. Com bico fino e revestimento tramado, ele vai trazer a trend artesanal pro seu look num piscar de olhos. Amamos!<\/p>\n<div style='text-align: center'><img src='https:\/\/secure-static.anacapri.com.br\/medias\/sys_master\/anacapri\/anacapri\/h29\/h4d\/h00\/h00\/9304309530654\/3002901330002U-04-BASEIMAGE-Midres.jpg' style='max-height: 400px' \/><img src='https:\/\/secure-static.anacapri.com.br\/medias\/sys_master\/anacapri\/anacapri\/h7a\/hf7\/h00\/h00\/9304309858334\/3002901330002U-05-BASEIMAGE-Midres.jpg' style='max-height: 400px' \/><\/div>\n<p>* Entre em contato por WhatsApp para verificar a disponibilidade do produto. Ref.: C3002901330002<\/p>\n","protected":false},"excerpt":{"rendered":"<p>Estoque indispon\u00edvel.<br \/><small>atualizado em 18\/05\/2022.<\/p>\n","protected":false},"featured_media":608,"template":"","meta":[],"product_cat":[34],"product_tag":[22,23,25,26,27],"_links":{"self":[{"href":"https:\/\/comprenowhats.com.br\/anacaprimacae\/wp-json\/wp\/v2\/product\/609"}],"collection":[{"href":"https:\/\/comprenowhats.com.br\/anacaprimacae\/wp-json\/wp\/v2\/product"}],"about":[{"href":"https:\/\/comprenowhats.com.br\/anacaprimacae\/wp-json\/wp\/v2\/types\/product"}],"wp:featuredmedia":[{"embeddable":true,"href":"https:\/\/comprenowhats.com.br\/anacaprimacae\/wp-json\/wp\/v2\/media\/608"}],"wp:attachment":[{"href":"https:\/\/comprenowhats.com.br\/anacaprimacae\/wp-json\/wp\/v2\/media?parent=609"}],"wp:term":[{"taxonomy":"product_cat","embeddable":true,"href":"https:\/\/comprenowhats.com.br\/anacaprimacae\/wp-json\/wp\/v2\/product_cat?post=609"},{"taxonomy":"product_tag","embeddable":true,"href":"https:\/\/comprenowhats.com.br\/anacaprimacae\/wp-json\/wp\/v2\/product_tag?post=609"}],"curies":[{"name":"wp","href":"https:\/\/api.w.org\/{rel}","templated":true}]}}