{"id":603,"date":"2020-07-30T15:31:52","date_gmt":"2020-07-30T18:31:52","guid":{"rendered":"https:\/\/comprenowhats.com.br\/anacaprimacae\/produto\/sapatilha-slingback-nobuck-rosa-antik\/"},"modified":"2022-05-18T11:19:37","modified_gmt":"2022-05-18T14:19:37","slug":"sapatilha-slingback-nobuck-rosa-antik","status":"publish","type":"product","link":"https:\/\/comprenowhats.com.br\/anacaprimacae\/produto\/sapatilha-slingback-nobuck-rosa-antik\/","title":{"rendered":"Sapatilha Slingback Nobuck Rosa Antik"},"content":{"rendered":"<p>Tr\u00e8s chic! Com bico fino, calcanhar a mostra e el\u00e1stico, essa sapatilha \u00e9 a dona do cora\u00e7\u00e3o das francesinhas &#8211; e vai ganhar o seu tamb\u00e9m! Ideal para combinar com alfaiataria, brincar com produ\u00e7\u00f5es com um qu\u00ea masculino e tonar ainda mais delicados os looks femininos. Pronta para desfilar por a\u00ed como uma verdadeira parisiense? Se joga!<\/p>\n<div style='text-align: center'><img src='https:\/\/secure-static.anacapri.com.br\/medias\/sys_master\/anacapri\/anacapri\/h6a\/hd4\/h00\/h00\/9589672280094\/3002900610028U-04-BASEIMAGE-Midres.jpg' style='max-height: 400px' \/><img src='https:\/\/secure-static.anacapri.com.br\/medias\/sys_master\/anacapri\/anacapri\/h61\/hf0\/h00\/h00\/9589671952414\/3002900610028U-05-BASEIMAGE-Midres.jpg' style='max-height: 400px' \/><img src='https:\/\/secure-static.anacapri.com.br\/medias\/sys_master\/anacapri\/anacapri\/h08\/hc0\/h00\/h00\/9589671624734\/3002900610028U-06-BASEIMAGE-Midres.jpg' style='max-height: 400px' \/><\/div>\n<p>* Entre em contato por WhatsApp para verificar a disponibilidade do produto. Ref.: C3002900610028<\/p>\n","protected":false},"excerpt":{"rendered":"<p>Estoque indispon\u00edvel.<br \/><small>atualizado em 18\/05\/2022.<\/p>\n","protected":false},"featured_media":602,"template":"","meta":[],"product_cat":[20],"product_tag":[22,23,25,26,27],"_links":{"self":[{"href":"https:\/\/comprenowhats.com.br\/anacaprimacae\/wp-json\/wp\/v2\/product\/603"}],"collection":[{"href":"https:\/\/comprenowhats.com.br\/anacaprimacae\/wp-json\/wp\/v2\/product"}],"about":[{"href":"https:\/\/comprenowhats.com.br\/anacaprimacae\/wp-json\/wp\/v2\/types\/product"}],"wp:featuredmedia":[{"embeddable":true,"href":"https:\/\/comprenowhats.com.br\/anacaprimacae\/wp-json\/wp\/v2\/media\/602"}],"wp:attachment":[{"href":"https:\/\/comprenowhats.com.br\/anacaprimacae\/wp-json\/wp\/v2\/media?parent=603"}],"wp:term":[{"taxonomy":"product_cat","embeddable":true,"href":"https:\/\/comprenowhats.com.br\/anacaprimacae\/wp-json\/wp\/v2\/product_cat?post=603"},{"taxonomy":"product_tag","embeddable":true,"href":"https:\/\/comprenowhats.com.br\/anacaprimacae\/wp-json\/wp\/v2\/product_tag?post=603"}],"curies":[{"name":"wp","href":"https:\/\/api.w.org\/{rel}","templated":true}]}}