{"id":599,"date":"2020-07-30T15:31:49","date_gmt":"2020-07-30T18:31:49","guid":{"rendered":"https:\/\/comprenowhats.com.br\/anacaprimacae\/produto\/mule-rosa-blush-nobuck-anacapri\/"},"modified":"2022-05-18T11:33:18","modified_gmt":"2022-05-18T14:33:18","slug":"mule-rosa-blush-nobuck-anacapri","status":"publish","type":"product","link":"https:\/\/comprenowhats.com.br\/anacaprimacae\/produto\/mule-rosa-blush-nobuck-anacapri\/","title":{"rendered":"Mule Rosa Blush Nobuck | Anacapri"},"content":{"rendered":"<p>\u00c9 poss\u00edvel ser chic e fof\u00edssima ao mesmo tempo? A mule acamur\u00e7ada com tom delicado e bico fino prova que sim!  Ela \u00e9 maravilhosa para combinar com os b\u00e1sicos infal\u00edveis &#8211; como o combo jeans+camiseta &#8211; e tamb\u00e9m com pe\u00e7as de alfaiataria e animal print. A versatilidade do modelo promete mil e uma composi\u00e7\u00f5es e estamos super ansiosas para ver a sua \ud83d\ude42 Vai l\u00e1 e arrasa!<\/p>\n<div style='text-align: center'><\/div>\n<p>* Entre em contato por WhatsApp para verificar a disponibilidade do produto. Ref.: C3002900410041<\/p>\n","protected":false},"excerpt":{"rendered":"<p>Estoque indispon\u00edvel.<br \/><small>atualizado em 18\/05\/2022.<\/p>\n","protected":false},"featured_media":598,"template":"","meta":[],"product_cat":[34],"product_tag":[22],"_links":{"self":[{"href":"https:\/\/comprenowhats.com.br\/anacaprimacae\/wp-json\/wp\/v2\/product\/599"}],"collection":[{"href":"https:\/\/comprenowhats.com.br\/anacaprimacae\/wp-json\/wp\/v2\/product"}],"about":[{"href":"https:\/\/comprenowhats.com.br\/anacaprimacae\/wp-json\/wp\/v2\/types\/product"}],"wp:featuredmedia":[{"embeddable":true,"href":"https:\/\/comprenowhats.com.br\/anacaprimacae\/wp-json\/wp\/v2\/media\/598"}],"wp:attachment":[{"href":"https:\/\/comprenowhats.com.br\/anacaprimacae\/wp-json\/wp\/v2\/media?parent=599"}],"wp:term":[{"taxonomy":"product_cat","embeddable":true,"href":"https:\/\/comprenowhats.com.br\/anacaprimacae\/wp-json\/wp\/v2\/product_cat?post=599"},{"taxonomy":"product_tag","embeddable":true,"href":"https:\/\/comprenowhats.com.br\/anacaprimacae\/wp-json\/wp\/v2\/product_tag?post=599"}],"curies":[{"name":"wp","href":"https:\/\/api.w.org\/{rel}","templated":true}]}}